{"id":219,"date":"2017-07-28T16:10:54","date_gmt":"2017-07-28T14:10:54","guid":{"rendered":"https:\/\/www.ferme-poutchas.fr\/Poutchas\/?post_type=product&#038;p=219"},"modified":"2024-02-05T14:49:05","modified_gmt":"2024-02-05T13:49:05","slug":"cagette-decouverte","status":"publish","type":"product","link":"https:\/\/www.ferme-poutchas.fr\/Poutchas\/produit\/cagette-decouverte\/","title":{"rendered":"CAGETTE D\u00c9COUVERTE"},"content":{"rendered":"<p>Les coffrets cadeaux paysans.<\/p>\n<p>Foie Gras entier, 1 bocal 140g.<\/p>\n<p>P\u00e2t\u00e9 au foie de canard, 1 bocal 200g.<\/p>\n<p>P\u00e2t\u00e9 au piment d&rsquo;Espelette, 1 bocal 180g.<\/p>\n<p>Juran\u00e7on moelleux \u00ab\u00a0Vendanges Tardives\u00a0\u00bb 37,5cl.<\/p>\n","protected":false},"excerpt":{"rendered":"<p>Les coffrets cadeaux paysans.<\/p>\n<p>Foie Gras entier, 1 bocal 140g.<\/p>\n<p>P\u00e2t\u00e9 au foie de canard, 1 bocal 200g.<\/p>\n<p>P\u00e2t\u00e9 au piment d&rsquo;Espelette, 1 bocal 180g.<\/p>\n<p>Juran\u00e7on moelleux \u00ab\u00a0Vendanges Tardives\u00a0\u00bb 37,5cl.<\/p>\n","protected":false},"featured_media":220,"template":"","meta":{"_et_pb_use_builder":"","_et_pb_old_content":"","_et_gb_content_width":"","jetpack_post_was_ever_published":false,"jetpack_publicize_message":"","jetpack_is_tweetstorm":false,"jetpack_publicize_feature_enabled":true,"jetpack_social_post_already_shared":true,"jetpack_social_options":{"image_generator_settings":{"template":"highway","enabled":false}}},"product_cat":[19],"product_tag":[],"jetpack_publicize_connections":[],"jetpack_sharing_enabled":true,"jetpack-related-posts":[{"id":217,"url":"https:\/\/www.ferme-poutchas.fr\/Poutchas\/produit\/baquet-du-vendangeur\/","url_meta":{"origin":219,"position":0},"title":"BAQUET DU VENDANGEUR (EN BOIS)","author":"WebPoutchas","date":"28 juillet 2017","format":false,"excerpt":"Les coffrets cadeaux paysans. Foie Gras entier, 1 bocal 140g. P\u00e2t\u00e9 au Foie Gras, 1 bocal 200g. Vin Blanc Moelleux.","rel":"","context":"Article similaire","block_context":{"text":"Article similaire","link":""},"img":{"alt_text":"Ferme Poutchas - BAQUET DU VENDANGEUR","src":"https:\/\/i0.wp.com\/www.ferme-poutchas.fr\/Poutchas\/wp-content\/uploads\/2017\/07\/baquetduvendangeur.jpg?fit=584%2C800&ssl=1&resize=350%2C200","width":350,"height":200,"srcset":"https:\/\/i0.wp.com\/www.ferme-poutchas.fr\/Poutchas\/wp-content\/uploads\/2017\/07\/baquetduvendangeur.jpg?fit=584%2C800&ssl=1&resize=350%2C200 1x, https:\/\/i0.wp.com\/www.ferme-poutchas.fr\/Poutchas\/wp-content\/uploads\/2017\/07\/baquetduvendangeur.jpg?fit=584%2C800&ssl=1&resize=525%2C300 1.5x"},"classes":[]},{"id":215,"url":"https:\/\/www.ferme-poutchas.fr\/Poutchas\/produit\/gourmandise-campagnarde\/","url_meta":{"origin":219,"position":1},"title":"GOURMANDISE CAMPAGNARDE","author":"WebPoutchas","date":"28 juillet 2017","format":false,"excerpt":"Les coffrets cadeaux paysans. Foie Gras de Canard entier, 1 bocal 140g. P\u00e2t\u00e9 au Foie de Canard, 1 bocal 200g. Rillettes pur Canard, 1 bo\u00eete 190g.","rel":"","context":"Article similaire","block_context":{"text":"Article similaire","link":""},"img":{"alt_text":"Ferme Poutchas - GOURMANDISE CAMPAGNARDE","src":"https:\/\/i0.wp.com\/www.ferme-poutchas.fr\/Poutchas\/wp-content\/uploads\/2017\/07\/GourmandiseCampagnarde.jpg?fit=623%2C800&ssl=1&resize=350%2C200","width":350,"height":200,"srcset":"https:\/\/i0.wp.com\/www.ferme-poutchas.fr\/Poutchas\/wp-content\/uploads\/2017\/07\/GourmandiseCampagnarde.jpg?fit=623%2C800&ssl=1&resize=350%2C200 1x, https:\/\/i0.wp.com\/www.ferme-poutchas.fr\/Poutchas\/wp-content\/uploads\/2017\/07\/GourmandiseCampagnarde.jpg?fit=623%2C800&ssl=1&resize=525%2C300 1.5x"},"classes":[]},{"id":210,"url":"https:\/\/www.ferme-poutchas.fr\/Poutchas\/produit\/quatre-plaisir-poutchas\/","url_meta":{"origin":219,"position":2},"title":"LES QUATRES PLAISIRS DE POUTCHAS","author":"WebPoutchas","date":"28 juillet 2017","format":false,"excerpt":"Les coffrets cadeaux paysans. P\u00e2t\u00e9 de Canard au Foie, 1 bocal 90g Rillettes de Canard, 1 bocal 90g Rillons de Canard, 1 bocal 90g P\u00e2t\u00e9 au piment d'Espelette, 1 bocal 90g","rel":"","context":"Article similaire","block_context":{"text":"Article similaire","link":""},"img":{"alt_text":"Ferme Poutchas - LES QUATRES PLAISIRS DE POUTCHAS","src":"https:\/\/i0.wp.com\/www.ferme-poutchas.fr\/Poutchas\/wp-content\/uploads\/2017\/07\/Lesquatresplaisirspoutchas.jpg?fit=844%2C1200&ssl=1&resize=350%2C200","width":350,"height":200,"srcset":"https:\/\/i0.wp.com\/www.ferme-poutchas.fr\/Poutchas\/wp-content\/uploads\/2017\/07\/Lesquatresplaisirspoutchas.jpg?fit=844%2C1200&ssl=1&resize=350%2C200 1x, https:\/\/i0.wp.com\/www.ferme-poutchas.fr\/Poutchas\/wp-content\/uploads\/2017\/07\/Lesquatresplaisirspoutchas.jpg?fit=844%2C1200&ssl=1&resize=525%2C300 1.5x, https:\/\/i0.wp.com\/www.ferme-poutchas.fr\/Poutchas\/wp-content\/uploads\/2017\/07\/Lesquatresplaisirspoutchas.jpg?fit=844%2C1200&ssl=1&resize=700%2C400 2x"},"classes":[]},{"id":223,"url":"https:\/\/www.ferme-poutchas.fr\/Poutchas\/produit\/panier-fermier\/","url_meta":{"origin":219,"position":3},"title":"GRAND PANIER FERMIER (EN OSIER)","author":"WebPoutchas","date":"28 juillet 2017","format":false,"excerpt":"Les coffrets cadeaux paysans. Foie Gras entier, 1 bocal 140g. Magret fourr\u00e9 au Foie, 1 bo\u00eete 420g. 2 cuisses, 1 bocal 680g. Rillettes, 1 bo\u00eete 190g. Rillons, 1 bocal 90g. P\u00e2t\u00e9 au Foie Gras, 1 bocal 90g.","rel":"","context":"Article similaire","block_context":{"text":"Article similaire","link":""},"img":{"alt_text":"Ferme Poutchas - GRAND PANIER FERMIER","src":"https:\/\/i0.wp.com\/www.ferme-poutchas.fr\/Poutchas\/wp-content\/uploads\/2017\/07\/grandpanierfermier.jpg?fit=800%2C433&ssl=1&resize=350%2C200","width":350,"height":200,"srcset":"https:\/\/i0.wp.com\/www.ferme-poutchas.fr\/Poutchas\/wp-content\/uploads\/2017\/07\/grandpanierfermier.jpg?fit=800%2C433&ssl=1&resize=350%2C200 1x, https:\/\/i0.wp.com\/www.ferme-poutchas.fr\/Poutchas\/wp-content\/uploads\/2017\/07\/grandpanierfermier.jpg?fit=800%2C433&ssl=1&resize=525%2C300 1.5x, https:\/\/i0.wp.com\/www.ferme-poutchas.fr\/Poutchas\/wp-content\/uploads\/2017\/07\/grandpanierfermier.jpg?fit=800%2C433&ssl=1&resize=700%2C400 2x"},"classes":[]},{"id":213,"url":"https:\/\/www.ferme-poutchas.fr\/Poutchas\/produit\/cagette-duo\/","url_meta":{"origin":219,"position":4},"title":"CAGETTE DUO","author":"WebPoutchas","date":"28 juillet 2017","format":false,"excerpt":"Les coffrets cadeaux paysans. Aiguillettes roul\u00e9es au foie gras, 2 boites 65g. P\u00e2t\u00e9 de canard au foie, 1 bocal 90g. Rillettes pur canard, 1 bocal 90g.","rel":"","context":"Article similaire","block_context":{"text":"Article similaire","link":""},"img":{"alt_text":"Ferme Poutchas - CAGETTE DUO","src":"https:\/\/i0.wp.com\/www.ferme-poutchas.fr\/Poutchas\/wp-content\/uploads\/2017\/07\/cagetteDuo2015.jpg?fit=1200%2C792&ssl=1&resize=350%2C200","width":350,"height":200,"srcset":"https:\/\/i0.wp.com\/www.ferme-poutchas.fr\/Poutchas\/wp-content\/uploads\/2017\/07\/cagetteDuo2015.jpg?fit=1200%2C792&ssl=1&resize=350%2C200 1x, https:\/\/i0.wp.com\/www.ferme-poutchas.fr\/Poutchas\/wp-content\/uploads\/2017\/07\/cagetteDuo2015.jpg?fit=1200%2C792&ssl=1&resize=525%2C300 1.5x, https:\/\/i0.wp.com\/www.ferme-poutchas.fr\/Poutchas\/wp-content\/uploads\/2017\/07\/cagetteDuo2015.jpg?fit=1200%2C792&ssl=1&resize=700%2C400 2x, https:\/\/i0.wp.com\/www.ferme-poutchas.fr\/Poutchas\/wp-content\/uploads\/2017\/07\/cagetteDuo2015.jpg?fit=1200%2C792&ssl=1&resize=1050%2C600 3x"},"classes":[]},{"id":221,"url":"https:\/\/www.ferme-poutchas.fr\/Poutchas\/produit\/valisette-fermier\/","url_meta":{"origin":219,"position":5},"title":"VALISETTE DU FERMIER (EN CARTON)","author":"WebPoutchas","date":"28 juillet 2017","format":false,"excerpt":"Les coffrets cadeaux paysans. Foie Gras entier, 1 bocal 200g. 2 Cuisses, 1 bocal 200g. 6 Manchons, 1 bo\u00eete 900g. Rillettes pur Canard, 1 bo\u00eete 190g.","rel":"","context":"Article similaire","block_context":{"text":"Article similaire","link":""},"img":{"alt_text":"Ferme Poutchas - VALISETTE DU FERMIER","src":"https:\/\/i0.wp.com\/www.ferme-poutchas.fr\/Poutchas\/wp-content\/uploads\/2017\/07\/valisettefermier.jpg?fit=800%2C504&ssl=1&resize=350%2C200","width":350,"height":200,"srcset":"https:\/\/i0.wp.com\/www.ferme-poutchas.fr\/Poutchas\/wp-content\/uploads\/2017\/07\/valisettefermier.jpg?fit=800%2C504&ssl=1&resize=350%2C200 1x, https:\/\/i0.wp.com\/www.ferme-poutchas.fr\/Poutchas\/wp-content\/uploads\/2017\/07\/valisettefermier.jpg?fit=800%2C504&ssl=1&resize=525%2C300 1.5x, https:\/\/i0.wp.com\/www.ferme-poutchas.fr\/Poutchas\/wp-content\/uploads\/2017\/07\/valisettefermier.jpg?fit=800%2C504&ssl=1&resize=700%2C400 2x"},"classes":[]}],"_links":{"self":[{"href":"https:\/\/www.ferme-poutchas.fr\/Poutchas\/wp-json\/wp\/v2\/product\/219"}],"collection":[{"href":"https:\/\/www.ferme-poutchas.fr\/Poutchas\/wp-json\/wp\/v2\/product"}],"about":[{"href":"https:\/\/www.ferme-poutchas.fr\/Poutchas\/wp-json\/wp\/v2\/types\/product"}],"wp:featuredmedia":[{"embeddable":true,"href":"https:\/\/www.ferme-poutchas.fr\/Poutchas\/wp-json\/wp\/v2\/media\/220"}],"wp:attachment":[{"href":"https:\/\/www.ferme-poutchas.fr\/Poutchas\/wp-json\/wp\/v2\/media?parent=219"}],"wp:term":[{"taxonomy":"product_cat","embeddable":true,"href":"https:\/\/www.ferme-poutchas.fr\/Poutchas\/wp-json\/wp\/v2\/product_cat?post=219"},{"taxonomy":"product_tag","embeddable":true,"href":"https:\/\/www.ferme-poutchas.fr\/Poutchas\/wp-json\/wp\/v2\/product_tag?post=219"}],"curies":[{"name":"wp","href":"https:\/\/api.w.org\/{rel}","templated":true}]}}