{"id":208,"date":"2017-07-28T15:45:44","date_gmt":"2017-07-28T13:45:44","guid":{"rendered":"https:\/\/www.ferme-poutchas.fr\/Poutchas\/?post_type=product&#038;p=208"},"modified":"2026-02-04T15:52:03","modified_gmt":"2026-02-04T14:52:03","slug":"rillettes-pur-canard","status":"publish","type":"product","link":"https:\/\/www.ferme-poutchas.fr\/Poutchas\/produit\/rillettes-pur-canard\/","title":{"rendered":"RILLETTES PUR CANARD"},"content":{"rendered":"<p>Les d\u00e9lices de la ferme Poutchas.<\/p>\n<p>Rillettes pur canard.<\/p>\n<p><em>Ingr\u00e9dients<\/em> : Viande de canard, sel, poivre.<\/p>\n<p>(prix au kilo : 18,42\u20ac)<\/p>\n<p>&nbsp;<\/p>\n","protected":false},"excerpt":{"rendered":"<p>Les d\u00e9lices de la ferme Poutchas.<\/p>\n<p>Rillettes pur canard.<\/p>\n<p><em>Ingr\u00e9dients<\/em> : Viande de canard, sel, poivre.<\/p>\n<p>(prix au kilo : 18,42\u20ac)<\/p>\n","protected":false},"featured_media":209,"template":"","meta":{"_et_pb_use_builder":"","_et_pb_old_content":"","_et_gb_content_width":"","jetpack_post_was_ever_published":false,"jetpack_publicize_message":"","jetpack_is_tweetstorm":false,"jetpack_publicize_feature_enabled":true,"jetpack_social_post_already_shared":true,"jetpack_social_options":{"image_generator_settings":{"template":"highway","enabled":false}}},"product_cat":[18],"product_tag":[],"jetpack_publicize_connections":[],"jetpack_sharing_enabled":true,"jetpack-related-posts":[{"id":198,"url":"https:\/\/www.ferme-poutchas.fr\/Poutchas\/produit\/cou-canard-farci-foie\/","url_meta":{"origin":208,"position":0},"title":"COU DE CANARD farci au Foie de canard","author":"WebPoutchas","date":"28 juillet 2017","format":false,"excerpt":"Les d\u00e9lices de la ferme Poutchas. Cou de canard farci au foie de canard. Ingr\u00e9dients : Viande de canard, viande de porc, foie gras 25%, oeuf, sel, poivre. Bo\u00eete 380g. (prix au kilo : 40,78\u20ac)","rel":"","context":"Article similaire","block_context":{"text":"Article similaire","link":""},"img":{"alt_text":"","src":"https:\/\/i0.wp.com\/www.ferme-poutchas.fr\/Poutchas\/wp-content\/uploads\/2017\/07\/coucanardfarcifoiegras.jpg?fit=348%2C511&ssl=1&resize=350%2C200","width":350,"height":200},"classes":[]},{"id":202,"url":"https:\/\/www.ferme-poutchas.fr\/Poutchas\/produit\/pate-foie-canard\/","url_meta":{"origin":208,"position":1},"title":"P\u00c2T\u00c9 AU FOIE de canard","author":"WebPoutchas","date":"28 juillet 2017","format":false,"excerpt":"Les d\u00e9lices de la ferme Poutchas. P\u00e2t\u00e9 au foie de canard. Ingr\u00e9dients : Viande de canard, foie gras en morceaux 40%, viande de porc, oeuf, sel, poivre. Bo\u00eete : 200g. (prix au kilo : 30,00\u20ac)","rel":"","context":"Article similaire","block_context":{"text":"Article similaire","link":""},"img":{"alt_text":"Ferme Poutchas - P\u00c2T\u00c9 AU FOIE DE CANARD","src":"https:\/\/i0.wp.com\/www.ferme-poutchas.fr\/Poutchas\/wp-content\/uploads\/2017\/07\/patefoiecanard.jpg?fit=445%2C449&ssl=1&resize=350%2C200","width":350,"height":200},"classes":[]},{"id":200,"url":"https:\/\/www.ferme-poutchas.fr\/Poutchas\/produit\/magret-canard-thym\/","url_meta":{"origin":208,"position":2},"title":"MAGRET DE CANARD au thym","author":"WebPoutchas","date":"28 juillet 2017","format":false,"excerpt":"Les d\u00e9lices de la ferme Poutchas. Magret de canard au thym. Ingr\u00e9dients : magret de canard, thym 0,5%, laurier, ail, sel, poivre. Bo\u00eete : 380g. (prix au kilo : 30,26\u20ac)","rel":"","context":"Article similaire","block_context":{"text":"Article similaire","link":""},"img":{"alt_text":"","src":"https:\/\/i0.wp.com\/www.ferme-poutchas.fr\/Poutchas\/wp-content\/uploads\/2017\/07\/magretdecanardthym.jpg?fit=324%2C649&ssl=1&resize=350%2C200","width":350,"height":200},"classes":[]},{"id":206,"url":"https:\/\/www.ferme-poutchas.fr\/Poutchas\/produit\/pate-canard-piment-espelette\/","url_meta":{"origin":208,"position":3},"title":"P\u00c2T\u00c9 DE CANARD au piment d&rsquo;Espelette","author":"WebPoutchas","date":"28 juillet 2017","format":false,"excerpt":"Les d\u00e9lices de la ferme Poutchas. P\u00e2t\u00e9 au piment d'Espelette. Ingr\u00e9dients : Viande de Canard, viande et foie de porc, oeuf, piment d'Espelette 1%, sel. Bo\u00eete de 180g. (prix au kilo : 25,00\u20ac)","rel":"","context":"Article similaire","block_context":{"text":"Article similaire","link":""},"img":{"alt_text":"","src":"https:\/\/i0.wp.com\/www.ferme-poutchas.fr\/Poutchas\/wp-content\/uploads\/2017\/07\/patepimentespelette.jpg?fit=338%2C375&ssl=1&resize=350%2C200","width":350,"height":200},"classes":[]},{"id":193,"url":"https:\/\/www.ferme-poutchas.fr\/Poutchas\/produit\/aiguillette-de-canard-roulee-foie-gras\/","url_meta":{"origin":208,"position":4},"title":"AIGUILLETTE DE CANARD roul\u00e9e au foie gras, 5 bo\u00eetes","author":"WebPoutchas","date":"28 juillet 2017","format":false,"excerpt":"Les d\u00e9lices de la ferme Poutchas. Ingr\u00e9dients : Aiguillette, foie gras de canard, sel, poivre vert. les 5 bo\u00eetes, 5 parts en filet. (prix au kilo : 69,23\u20ac)","rel":"","context":"Article similaire","block_context":{"text":"Article similaire","link":""},"img":{"alt_text":"","src":"https:\/\/i0.wp.com\/www.ferme-poutchas.fr\/Poutchas\/wp-content\/uploads\/2017\/07\/aiguilletteroulle5boite.jpg?fit=292%2C788&ssl=1&resize=350%2C200","width":350,"height":200},"classes":[]},{"id":204,"url":"https:\/\/www.ferme-poutchas.fr\/Poutchas\/produit\/aiguillette-canard-foie-gras\/","url_meta":{"origin":208,"position":5},"title":"AIGUILLETTE DE CANARD roul\u00e9e au Foie gras","author":"WebPoutchas","date":"28 juillet 2017","format":false,"excerpt":"Les d\u00e9lices de la ferme Poutchas. Aiguillette roul\u00e9e au foie gras. Ingr\u00e9dients : aiguillette, foie gras 40%, sel, poivre vert. Bo\u00eete de 65g, 1 part. (prix au kilo : 69,23\u20ac)","rel":"","context":"Article similaire","block_context":{"text":"Article similaire","link":""},"img":{"alt_text":"","src":"https:\/\/i0.wp.com\/www.ferme-poutchas.fr\/Poutchas\/wp-content\/uploads\/2017\/07\/aiguilletteroulle65.jpg?fit=265%2C231&ssl=1&resize=350%2C200","width":350,"height":200},"classes":[]}],"_links":{"self":[{"href":"https:\/\/www.ferme-poutchas.fr\/Poutchas\/wp-json\/wp\/v2\/product\/208"}],"collection":[{"href":"https:\/\/www.ferme-poutchas.fr\/Poutchas\/wp-json\/wp\/v2\/product"}],"about":[{"href":"https:\/\/www.ferme-poutchas.fr\/Poutchas\/wp-json\/wp\/v2\/types\/product"}],"wp:featuredmedia":[{"embeddable":true,"href":"https:\/\/www.ferme-poutchas.fr\/Poutchas\/wp-json\/wp\/v2\/media\/209"}],"wp:attachment":[{"href":"https:\/\/www.ferme-poutchas.fr\/Poutchas\/wp-json\/wp\/v2\/media?parent=208"}],"wp:term":[{"taxonomy":"product_cat","embeddable":true,"href":"https:\/\/www.ferme-poutchas.fr\/Poutchas\/wp-json\/wp\/v2\/product_cat?post=208"},{"taxonomy":"product_tag","embeddable":true,"href":"https:\/\/www.ferme-poutchas.fr\/Poutchas\/wp-json\/wp\/v2\/product_tag?post=208"}],"curies":[{"name":"wp","href":"https:\/\/api.w.org\/{rel}","templated":true}]}}