{"id":200,"date":"2017-07-28T15:30:37","date_gmt":"2017-07-28T13:30:37","guid":{"rendered":"https:\/\/www.ferme-poutchas.fr\/Poutchas\/?post_type=product&#038;p=200"},"modified":"2024-02-05T14:53:40","modified_gmt":"2024-02-05T13:53:40","slug":"magret-canard-thym","status":"publish","type":"product","link":"https:\/\/www.ferme-poutchas.fr\/Poutchas\/produit\/magret-canard-thym\/","title":{"rendered":"MAGRET DE CANARD au thym"},"content":{"rendered":"<p>Les d\u00e9lices de la ferme Poutchas.<\/p>\n<p>Magret de canard au thym.<\/p>\n<p><em>Ingr\u00e9dients<\/em> : magret de canard, thym 0,5%, laurier, ail, sel, poivre.<\/p>\n<p>Bo\u00eete : 380g.<\/p>\n<p>(prix au kilo : 30,26\u20ac)<\/p>\n<p>&nbsp;<\/p>\n","protected":false},"excerpt":{"rendered":"<p>Les d\u00e9lices de la ferme Poutchas.<\/p>\n<p>Magret de canard au thym.<\/p>\n<p><em>Ingr\u00e9dients<\/em> : magret de canard, thym 0,5%, laurier, ail, sel, poivre.<\/p>\n<p>Bo\u00eete : 380g.<\/p>\n<p>(prix au kilo : 30,26\u20ac)<\/p>\n","protected":false},"featured_media":201,"template":"","meta":{"_et_pb_use_builder":"","_et_pb_old_content":"","_et_gb_content_width":"","jetpack_post_was_ever_published":false,"jetpack_publicize_message":"","jetpack_is_tweetstorm":false,"jetpack_publicize_feature_enabled":true,"jetpack_social_post_already_shared":true,"jetpack_social_options":{"image_generator_settings":{"template":"highway","enabled":false}}},"product_cat":[18],"product_tag":[],"jetpack_publicize_connections":[],"jetpack_sharing_enabled":true,"jetpack-related-posts":[{"id":196,"url":"https:\/\/www.ferme-poutchas.fr\/Poutchas\/produit\/magret-canard-fourre-foie-gras\/","url_meta":{"origin":200,"position":0},"title":"MAGRET DE CANARD fourr\u00e9 au Foie gras","author":"WebPoutchas","date":"28 juillet 2017","format":false,"excerpt":"Les d\u00e9lices de la ferme Poutchas. Magret fourr\u00e9 au foie gras Ingr\u00e9dients : Magret, foie gras 30%, ail, sel, poivre Bo\u00eete de 420g (prix au kilo : 46,42\u20ac)","rel":"","context":"Article similaire","block_context":{"text":"Article similaire","link":""},"img":{"alt_text":"Ferme Poutchas - MAGRET DE CANARD FOURR\u00c9 AU FOIE GRAS","src":"https:\/\/i0.wp.com\/www.ferme-poutchas.fr\/Poutchas\/wp-content\/uploads\/2017\/07\/magretfourreefoiegras.jpg?fit=470%2C524&ssl=1&resize=350%2C200","width":350,"height":200},"classes":[]},{"id":198,"url":"https:\/\/www.ferme-poutchas.fr\/Poutchas\/produit\/cou-canard-farci-foie\/","url_meta":{"origin":200,"position":1},"title":"COU DE CANARD farci au Foie de canard","author":"WebPoutchas","date":"28 juillet 2017","format":false,"excerpt":"Les d\u00e9lices de la ferme Poutchas. Cou de canard farci au foie de canard. Ingr\u00e9dients : Viande de canard, viande de porc, foie gras 25%, oeuf, sel, poivre. Bo\u00eete 380g. (prix au kilo : 40,78\u20ac)","rel":"","context":"Article similaire","block_context":{"text":"Article similaire","link":""},"img":{"alt_text":"","src":"https:\/\/i0.wp.com\/www.ferme-poutchas.fr\/Poutchas\/wp-content\/uploads\/2017\/07\/coucanardfarcifoiegras.jpg?fit=348%2C511&ssl=1&resize=350%2C200","width":350,"height":200},"classes":[]},{"id":178,"url":"https:\/\/www.ferme-poutchas.fr\/Poutchas\/produit\/confit-demi-canard\/","url_meta":{"origin":200,"position":2},"title":"CONFIT Demi-Canard bo\u00eete 1000g","author":"WebPoutchas","date":"28 juillet 2017","format":false,"excerpt":"Confit de Canard Paysan tradition. Ingr\u00e9dient : Cuisse, manchon, magret,graisse,sel (prix au kilo : 16,00\u20ac)","rel":"","context":"Article similaire","block_context":{"text":"Article similaire","link":""},"img":{"alt_text":"Ferme Poutchas - confit de canard Paysan tradition","src":"https:\/\/i0.wp.com\/www.ferme-poutchas.fr\/Poutchas\/wp-content\/uploads\/2017\/07\/confitpaysancanard.jpg?fit=529%2C749&ssl=1&resize=350%2C200","width":350,"height":200,"srcset":"https:\/\/i0.wp.com\/www.ferme-poutchas.fr\/Poutchas\/wp-content\/uploads\/2017\/07\/confitpaysancanard.jpg?fit=529%2C749&ssl=1&resize=350%2C200 1x, https:\/\/i0.wp.com\/www.ferme-poutchas.fr\/Poutchas\/wp-content\/uploads\/2017\/07\/confitpaysancanard.jpg?fit=529%2C749&ssl=1&resize=525%2C300 1.5x"},"classes":[]},{"id":202,"url":"https:\/\/www.ferme-poutchas.fr\/Poutchas\/produit\/pate-foie-canard\/","url_meta":{"origin":200,"position":3},"title":"P\u00c2T\u00c9 AU FOIE de canard","author":"WebPoutchas","date":"28 juillet 2017","format":false,"excerpt":"Les d\u00e9lices de la ferme Poutchas. P\u00e2t\u00e9 au foie de canard. Ingr\u00e9dients : Viande de canard, foie gras en morceaux 40%, viande de porc, oeuf, sel, poivre. Bo\u00eete : 200g. (prix au kilo : 30,00\u20ac)","rel":"","context":"Article similaire","block_context":{"text":"Article similaire","link":""},"img":{"alt_text":"Ferme Poutchas - P\u00c2T\u00c9 AU FOIE DE CANARD","src":"https:\/\/i0.wp.com\/www.ferme-poutchas.fr\/Poutchas\/wp-content\/uploads\/2017\/07\/patefoiecanard.jpg?fit=445%2C449&ssl=1&resize=350%2C200","width":350,"height":200},"classes":[]},{"id":204,"url":"https:\/\/www.ferme-poutchas.fr\/Poutchas\/produit\/aiguillette-canard-foie-gras\/","url_meta":{"origin":200,"position":4},"title":"AIGUILLETTE DE CANARD roul\u00e9e au Foie gras","author":"WebPoutchas","date":"28 juillet 2017","format":false,"excerpt":"Les d\u00e9lices de la ferme Poutchas. Aiguillette roul\u00e9e au foie gras. Ingr\u00e9dients : aiguillette, foie gras 40%, sel, poivre vert. Bo\u00eete de 65g, 1 part. (prix au kilo : 69,23\u20ac)","rel":"","context":"Article similaire","block_context":{"text":"Article similaire","link":""},"img":{"alt_text":"","src":"https:\/\/i0.wp.com\/www.ferme-poutchas.fr\/Poutchas\/wp-content\/uploads\/2017\/07\/aiguilletteroulle65.jpg?fit=265%2C231&ssl=1&resize=350%2C200","width":350,"height":200},"classes":[]},{"id":208,"url":"https:\/\/www.ferme-poutchas.fr\/Poutchas\/produit\/rillettes-pur-canard\/","url_meta":{"origin":200,"position":5},"title":"RILLETTES PUR CANARD","author":"WebPoutchas","date":"28 juillet 2017","format":false,"excerpt":"Les d\u00e9lices de la ferme Poutchas. Rillettes pur canard. Ingr\u00e9dients : Viande de canard, sel, poivre. (prix au kilo : 18,42\u20ac)","rel":"","context":"Article similaire","block_context":{"text":"Article similaire","link":""},"img":{"alt_text":"Ferme Poutchas - RILLETTES PUR CANARD","src":"https:\/\/i0.wp.com\/www.ferme-poutchas.fr\/Poutchas\/wp-content\/uploads\/2017\/07\/rillettepurcanard.jpg?fit=376%2C312&ssl=1&resize=350%2C200","width":350,"height":200},"classes":[]}],"_links":{"self":[{"href":"https:\/\/www.ferme-poutchas.fr\/Poutchas\/wp-json\/wp\/v2\/product\/200"}],"collection":[{"href":"https:\/\/www.ferme-poutchas.fr\/Poutchas\/wp-json\/wp\/v2\/product"}],"about":[{"href":"https:\/\/www.ferme-poutchas.fr\/Poutchas\/wp-json\/wp\/v2\/types\/product"}],"wp:featuredmedia":[{"embeddable":true,"href":"https:\/\/www.ferme-poutchas.fr\/Poutchas\/wp-json\/wp\/v2\/media\/201"}],"wp:attachment":[{"href":"https:\/\/www.ferme-poutchas.fr\/Poutchas\/wp-json\/wp\/v2\/media?parent=200"}],"wp:term":[{"taxonomy":"product_cat","embeddable":true,"href":"https:\/\/www.ferme-poutchas.fr\/Poutchas\/wp-json\/wp\/v2\/product_cat?post=200"},{"taxonomy":"product_tag","embeddable":true,"href":"https:\/\/www.ferme-poutchas.fr\/Poutchas\/wp-json\/wp\/v2\/product_tag?post=200"}],"curies":[{"name":"wp","href":"https:\/\/api.w.org\/{rel}","templated":true}]}}