{"id":181,"date":"2017-07-28T11:35:48","date_gmt":"2017-07-28T09:35:48","guid":{"rendered":"https:\/\/www.ferme-poutchas.fr\/Poutchas\/?post_type=product&#038;p=181"},"modified":"2024-02-05T14:35:31","modified_gmt":"2024-02-05T13:35:31","slug":"confit-2-cuisses","status":"publish","type":"product","link":"https:\/\/www.ferme-poutchas.fr\/Poutchas\/produit\/confit-2-cuisses\/","title":{"rendered":"CONFIT bocal 680g. 2 cuisses"},"content":{"rendered":"<p>Confits de Canard 2 cuisses.<\/p>\n<div id=\"center_column\">\n<div id=\"more_info_block\" class=\"clear\">\n<div id=\"more_info_sheets\" class=\"sheets align_justify\">\n<div id=\"idTab1\" class=\"rte\">\n<p><em>Ingr\u00e9dients<\/em> : cuisses, graisse, sel<\/p>\n<p>(prix au kilo : 14,70\u20ac)<\/p>\n<\/div>\n<\/div>\n<\/div>\n<\/div>\n","protected":false},"excerpt":{"rendered":"<p>Confits de Canard 2 cuisses.<\/p>\n<div id=\"center_column\">\n<div id=\"more_info_block\" class=\"clear\">\n<div id=\"more_info_sheets\" class=\"sheets align_justify\">\n<div id=\"idTab1\" class=\"rte\">\n<p><em>Ingr\u00e9dients<\/em> : cuisses, graisse, sel<\/p>\n<p>(prix au kilo : 14,70\u20ac)<\/p>\n<\/div>\n<\/div>\n<\/div>\n<\/div>\n","protected":false},"featured_media":182,"template":"","meta":{"_et_pb_use_builder":"","_et_pb_old_content":"","_et_gb_content_width":"","jetpack_post_was_ever_published":false,"jetpack_publicize_message":"","jetpack_is_tweetstorm":false,"jetpack_publicize_feature_enabled":true,"jetpack_social_post_already_shared":true,"jetpack_social_options":{"image_generator_settings":{"template":"highway","enabled":false}}},"product_cat":[16],"product_tag":[],"jetpack_publicize_connections":[],"jetpack_sharing_enabled":true,"jetpack-related-posts":[{"id":176,"url":"https:\/\/www.ferme-poutchas.fr\/Poutchas\/produit\/confit-canard-4-cuisses\/","url_meta":{"origin":181,"position":0},"title":"CONFIT bo\u00eete 1200g. 4\/5 cuisses","author":"WebPoutchas","date":"28 juillet 2017","format":false,"excerpt":"Confits de Canard 4\/5 cuisses. Ingr\u00e9dients : cuisses, graisse, sel (prix au kilo : 15,41\u20ac)","rel":"","context":"Article similaire","block_context":{"text":"Article similaire","link":""},"img":{"alt_text":"Ferme Poutchas - confit de canard 4 cuisses","src":"https:\/\/i0.wp.com\/www.ferme-poutchas.fr\/Poutchas\/wp-content\/uploads\/2017\/07\/confitdecanard4cuisses.jpg?fit=697%2C660&ssl=1&resize=350%2C200","width":350,"height":200,"srcset":"https:\/\/i0.wp.com\/www.ferme-poutchas.fr\/Poutchas\/wp-content\/uploads\/2017\/07\/confitdecanard4cuisses.jpg?fit=697%2C660&ssl=1&resize=350%2C200 1x, https:\/\/i0.wp.com\/www.ferme-poutchas.fr\/Poutchas\/wp-content\/uploads\/2017\/07\/confitdecanard4cuisses.jpg?fit=697%2C660&ssl=1&resize=525%2C300 1.5x"},"classes":[]},{"id":185,"url":"https:\/\/www.ferme-poutchas.fr\/Poutchas\/produit\/confit-boite-6-gesiers\/","url_meta":{"origin":181,"position":1},"title":"CONFIT bo\u00eete 6 g\u00e9siers","author":"WebPoutchas","date":"28 juillet 2017","format":false,"excerpt":"Confits de Canard 6 g\u00e9siers, bo\u00eete 390g. Ingr\u00e9dients : g\u00e9sier, graisse, sel (prix au kilo : 21,79\u20ac)","rel":"","context":"Article similaire","block_context":{"text":"Article similaire","link":""},"img":{"alt_text":"Ferme Poutchas - confit de canard 6 g\u00e9siers","src":"https:\/\/i0.wp.com\/www.ferme-poutchas.fr\/Poutchas\/wp-content\/uploads\/2017\/07\/5gesierscanard.jpg?fit=454%2C445&ssl=1&resize=350%2C200","width":350,"height":200},"classes":[]},{"id":183,"url":"https:\/\/www.ferme-poutchas.fr\/Poutchas\/produit\/confit-6-manchons\/","url_meta":{"origin":181,"position":2},"title":"CONFIT bo\u00eete 6 manchons","author":"WebPoutchas","date":"28 juillet 2017","format":false,"excerpt":"Confits de Canard 6 manchons bo\u00eete 900g. Ingr\u00e9dients : manchon, graisse, sel (prix au kilo : 9,44\u20ac)","rel":"","context":"Article similaire","block_context":{"text":"Article similaire","link":""},"img":{"alt_text":"Ferme Poutchas - confit de canard 6 manchons","src":"https:\/\/i0.wp.com\/www.ferme-poutchas.fr\/Poutchas\/wp-content\/uploads\/2017\/07\/6manchonscanard.jpg?fit=856%2C733&ssl=1&resize=350%2C200","width":350,"height":200,"srcset":"https:\/\/i0.wp.com\/www.ferme-poutchas.fr\/Poutchas\/wp-content\/uploads\/2017\/07\/6manchonscanard.jpg?fit=856%2C733&ssl=1&resize=350%2C200 1x, https:\/\/i0.wp.com\/www.ferme-poutchas.fr\/Poutchas\/wp-content\/uploads\/2017\/07\/6manchonscanard.jpg?fit=856%2C733&ssl=1&resize=525%2C300 1.5x, https:\/\/i0.wp.com\/www.ferme-poutchas.fr\/Poutchas\/wp-content\/uploads\/2017\/07\/6manchonscanard.jpg?fit=856%2C733&ssl=1&resize=700%2C400 2x"},"classes":[]},{"id":178,"url":"https:\/\/www.ferme-poutchas.fr\/Poutchas\/produit\/confit-demi-canard\/","url_meta":{"origin":181,"position":3},"title":"CONFIT Demi-Canard bo\u00eete 1000g","author":"WebPoutchas","date":"28 juillet 2017","format":false,"excerpt":"Confit de Canard Paysan tradition. Ingr\u00e9dient : Cuisse, manchon, magret,graisse,sel (prix au kilo : 16,00\u20ac)","rel":"","context":"Article similaire","block_context":{"text":"Article similaire","link":""},"img":{"alt_text":"Ferme Poutchas - confit de canard Paysan tradition","src":"https:\/\/i0.wp.com\/www.ferme-poutchas.fr\/Poutchas\/wp-content\/uploads\/2017\/07\/confitpaysancanard.jpg?fit=529%2C749&ssl=1&resize=350%2C200","width":350,"height":200,"srcset":"https:\/\/i0.wp.com\/www.ferme-poutchas.fr\/Poutchas\/wp-content\/uploads\/2017\/07\/confitpaysancanard.jpg?fit=529%2C749&ssl=1&resize=350%2C200 1x, https:\/\/i0.wp.com\/www.ferme-poutchas.fr\/Poutchas\/wp-content\/uploads\/2017\/07\/confitpaysancanard.jpg?fit=529%2C749&ssl=1&resize=525%2C300 1.5x"},"classes":[]},{"id":221,"url":"https:\/\/www.ferme-poutchas.fr\/Poutchas\/produit\/valisette-fermier\/","url_meta":{"origin":181,"position":4},"title":"VALISETTE DU FERMIER (EN CARTON)","author":"WebPoutchas","date":"28 juillet 2017","format":false,"excerpt":"Les coffrets cadeaux paysans. Foie Gras entier, 1 bocal 200g. 2 Cuisses, 1 bocal 200g. 6 Manchons, 1 bo\u00eete 900g. Rillettes pur Canard, 1 bo\u00eete 190g.","rel":"","context":"Article similaire","block_context":{"text":"Article similaire","link":""},"img":{"alt_text":"Ferme Poutchas - VALISETTE DU FERMIER","src":"https:\/\/i0.wp.com\/www.ferme-poutchas.fr\/Poutchas\/wp-content\/uploads\/2017\/07\/valisettefermier.jpg?fit=800%2C504&ssl=1&resize=350%2C200","width":350,"height":200,"srcset":"https:\/\/i0.wp.com\/www.ferme-poutchas.fr\/Poutchas\/wp-content\/uploads\/2017\/07\/valisettefermier.jpg?fit=800%2C504&ssl=1&resize=350%2C200 1x, https:\/\/i0.wp.com\/www.ferme-poutchas.fr\/Poutchas\/wp-content\/uploads\/2017\/07\/valisettefermier.jpg?fit=800%2C504&ssl=1&resize=525%2C300 1.5x, https:\/\/i0.wp.com\/www.ferme-poutchas.fr\/Poutchas\/wp-content\/uploads\/2017\/07\/valisettefermier.jpg?fit=800%2C504&ssl=1&resize=700%2C400 2x"},"classes":[]},{"id":208,"url":"https:\/\/www.ferme-poutchas.fr\/Poutchas\/produit\/rillettes-pur-canard\/","url_meta":{"origin":181,"position":5},"title":"RILLETTES PUR CANARD","author":"WebPoutchas","date":"28 juillet 2017","format":false,"excerpt":"Les d\u00e9lices de la ferme Poutchas. Rillettes pur canard. Ingr\u00e9dients : Viande de canard, sel, poivre. (prix au kilo : 18,42\u20ac)","rel":"","context":"Article similaire","block_context":{"text":"Article similaire","link":""},"img":{"alt_text":"Ferme Poutchas - RILLETTES PUR CANARD","src":"https:\/\/i0.wp.com\/www.ferme-poutchas.fr\/Poutchas\/wp-content\/uploads\/2017\/07\/rillettepurcanard.jpg?fit=376%2C312&ssl=1&resize=350%2C200","width":350,"height":200},"classes":[]}],"_links":{"self":[{"href":"https:\/\/www.ferme-poutchas.fr\/Poutchas\/wp-json\/wp\/v2\/product\/181"}],"collection":[{"href":"https:\/\/www.ferme-poutchas.fr\/Poutchas\/wp-json\/wp\/v2\/product"}],"about":[{"href":"https:\/\/www.ferme-poutchas.fr\/Poutchas\/wp-json\/wp\/v2\/types\/product"}],"wp:featuredmedia":[{"embeddable":true,"href":"https:\/\/www.ferme-poutchas.fr\/Poutchas\/wp-json\/wp\/v2\/media\/182"}],"wp:attachment":[{"href":"https:\/\/www.ferme-poutchas.fr\/Poutchas\/wp-json\/wp\/v2\/media?parent=181"}],"wp:term":[{"taxonomy":"product_cat","embeddable":true,"href":"https:\/\/www.ferme-poutchas.fr\/Poutchas\/wp-json\/wp\/v2\/product_cat?post=181"},{"taxonomy":"product_tag","embeddable":true,"href":"https:\/\/www.ferme-poutchas.fr\/Poutchas\/wp-json\/wp\/v2\/product_tag?post=181"}],"curies":[{"name":"wp","href":"https:\/\/api.w.org\/{rel}","templated":true}]}}