{"id":176,"date":"2017-07-28T11:25:29","date_gmt":"2017-07-28T09:25:29","guid":{"rendered":"https:\/\/www.ferme-poutchas.fr\/Poutchas\/?post_type=product&#038;p=176"},"modified":"2024-02-05T14:34:04","modified_gmt":"2024-02-05T13:34:04","slug":"confit-canard-4-cuisses","status":"publish","type":"product","link":"https:\/\/www.ferme-poutchas.fr\/Poutchas\/produit\/confit-canard-4-cuisses\/","title":{"rendered":"CONFIT bo\u00eete 1200g. 4\/5 cuisses"},"content":{"rendered":"<p>Confits de Canard 4\/5 cuisses.<\/p>\n<p><em>Ingr\u00e9dients<\/em> : cuisses, graisse, sel<\/p>\n<p>(prix au kilo : 15,41\u20ac)<\/p>\n","protected":false},"excerpt":{"rendered":"<p>Confits de Canard 4\/5 cuisses.<\/p>\n<p><em>Ingr\u00e9dients<\/em> : cuisses, graisse, sel<\/p>\n<p>(prix au kilo : 15,41\u20ac)<\/p>\n","protected":false},"featured_media":177,"template":"","meta":{"_et_pb_use_builder":"","_et_pb_old_content":"","_et_gb_content_width":"","jetpack_post_was_ever_published":false,"jetpack_publicize_message":"","jetpack_is_tweetstorm":false,"jetpack_publicize_feature_enabled":true,"jetpack_social_post_already_shared":false,"jetpack_social_options":{"image_generator_settings":{"template":"highway","enabled":false}}},"product_cat":[16],"product_tag":[],"jetpack_publicize_connections":[],"jetpack_sharing_enabled":true,"jetpack-related-posts":[{"id":181,"url":"https:\/\/www.ferme-poutchas.fr\/Poutchas\/produit\/confit-2-cuisses\/","url_meta":{"origin":176,"position":0},"title":"CONFIT bocal 680g. 2 cuisses","author":"WebPoutchas","date":"28 juillet 2017","format":false,"excerpt":"Confits de Canard 2 cuisses. Ingr\u00e9dients : cuisses, graisse, sel (prix au kilo : 14,70\u20ac)","rel":"","context":"Article similaire","block_context":{"text":"Article similaire","link":""},"img":{"alt_text":"Ferme Poutchas - confit de canard 2 cuisses","src":"https:\/\/i0.wp.com\/www.ferme-poutchas.fr\/Poutchas\/wp-content\/uploads\/2017\/07\/confitdecanard2cuisses.jpg?fit=451%2C619&ssl=1&resize=350%2C200","width":350,"height":200},"classes":[]},{"id":185,"url":"https:\/\/www.ferme-poutchas.fr\/Poutchas\/produit\/confit-boite-6-gesiers\/","url_meta":{"origin":176,"position":1},"title":"CONFIT bo\u00eete 6 g\u00e9siers","author":"WebPoutchas","date":"28 juillet 2017","format":false,"excerpt":"Confits de Canard 6 g\u00e9siers, bo\u00eete 390g. Ingr\u00e9dients : g\u00e9sier, graisse, sel (prix au kilo : 21,79\u20ac)","rel":"","context":"Article similaire","block_context":{"text":"Article similaire","link":""},"img":{"alt_text":"Ferme Poutchas - confit de canard 6 g\u00e9siers","src":"https:\/\/i0.wp.com\/www.ferme-poutchas.fr\/Poutchas\/wp-content\/uploads\/2017\/07\/5gesierscanard.jpg?fit=454%2C445&ssl=1&resize=350%2C200","width":350,"height":200},"classes":[]},{"id":183,"url":"https:\/\/www.ferme-poutchas.fr\/Poutchas\/produit\/confit-6-manchons\/","url_meta":{"origin":176,"position":2},"title":"CONFIT bo\u00eete 6 manchons","author":"WebPoutchas","date":"28 juillet 2017","format":false,"excerpt":"Confits de Canard 6 manchons bo\u00eete 900g. Ingr\u00e9dients : manchon, graisse, sel (prix au kilo : 9,44\u20ac)","rel":"","context":"Article similaire","block_context":{"text":"Article similaire","link":""},"img":{"alt_text":"Ferme Poutchas - confit de canard 6 manchons","src":"https:\/\/i0.wp.com\/www.ferme-poutchas.fr\/Poutchas\/wp-content\/uploads\/2017\/07\/6manchonscanard.jpg?fit=856%2C733&ssl=1&resize=350%2C200","width":350,"height":200,"srcset":"https:\/\/i0.wp.com\/www.ferme-poutchas.fr\/Poutchas\/wp-content\/uploads\/2017\/07\/6manchonscanard.jpg?fit=856%2C733&ssl=1&resize=350%2C200 1x, https:\/\/i0.wp.com\/www.ferme-poutchas.fr\/Poutchas\/wp-content\/uploads\/2017\/07\/6manchonscanard.jpg?fit=856%2C733&ssl=1&resize=525%2C300 1.5x, https:\/\/i0.wp.com\/www.ferme-poutchas.fr\/Poutchas\/wp-content\/uploads\/2017\/07\/6manchonscanard.jpg?fit=856%2C733&ssl=1&resize=700%2C400 2x"},"classes":[]},{"id":178,"url":"https:\/\/www.ferme-poutchas.fr\/Poutchas\/produit\/confit-demi-canard\/","url_meta":{"origin":176,"position":3},"title":"CONFIT Demi-Canard bo\u00eete 1000g","author":"WebPoutchas","date":"28 juillet 2017","format":false,"excerpt":"Confit de Canard Paysan tradition. Ingr\u00e9dient : Cuisse, manchon, magret,graisse,sel (prix au kilo : 16,00\u20ac)","rel":"","context":"Article similaire","block_context":{"text":"Article similaire","link":""},"img":{"alt_text":"Ferme Poutchas - confit de canard Paysan tradition","src":"https:\/\/i0.wp.com\/www.ferme-poutchas.fr\/Poutchas\/wp-content\/uploads\/2017\/07\/confitpaysancanard.jpg?fit=529%2C749&ssl=1&resize=350%2C200","width":350,"height":200,"srcset":"https:\/\/i0.wp.com\/www.ferme-poutchas.fr\/Poutchas\/wp-content\/uploads\/2017\/07\/confitpaysancanard.jpg?fit=529%2C749&ssl=1&resize=350%2C200 1x, https:\/\/i0.wp.com\/www.ferme-poutchas.fr\/Poutchas\/wp-content\/uploads\/2017\/07\/confitpaysancanard.jpg?fit=529%2C749&ssl=1&resize=525%2C300 1.5x"},"classes":[]},{"id":221,"url":"https:\/\/www.ferme-poutchas.fr\/Poutchas\/produit\/valisette-fermier\/","url_meta":{"origin":176,"position":4},"title":"VALISETTE DU FERMIER (EN CARTON)","author":"WebPoutchas","date":"28 juillet 2017","format":false,"excerpt":"Les coffrets cadeaux paysans. Foie Gras entier, 1 bocal 200g. 2 Cuisses, 1 bocal 200g. 6 Manchons, 1 bo\u00eete 900g. Rillettes pur Canard, 1 bo\u00eete 190g.","rel":"","context":"Article similaire","block_context":{"text":"Article similaire","link":""},"img":{"alt_text":"Ferme Poutchas - VALISETTE DU FERMIER","src":"https:\/\/i0.wp.com\/www.ferme-poutchas.fr\/Poutchas\/wp-content\/uploads\/2017\/07\/valisettefermier.jpg?fit=800%2C504&ssl=1&resize=350%2C200","width":350,"height":200,"srcset":"https:\/\/i0.wp.com\/www.ferme-poutchas.fr\/Poutchas\/wp-content\/uploads\/2017\/07\/valisettefermier.jpg?fit=800%2C504&ssl=1&resize=350%2C200 1x, https:\/\/i0.wp.com\/www.ferme-poutchas.fr\/Poutchas\/wp-content\/uploads\/2017\/07\/valisettefermier.jpg?fit=800%2C504&ssl=1&resize=525%2C300 1.5x, https:\/\/i0.wp.com\/www.ferme-poutchas.fr\/Poutchas\/wp-content\/uploads\/2017\/07\/valisettefermier.jpg?fit=800%2C504&ssl=1&resize=700%2C400 2x"},"classes":[]},{"id":172,"url":"https:\/\/www.ferme-poutchas.fr\/Poutchas\/produit\/bloc-foie-canard-190g\/","url_meta":{"origin":176,"position":5},"title":"BLOC DE FOIE de canard 190g","author":"WebPoutchas","date":"28 juillet 2017","format":false,"excerpt":"Boite de 190g, 5 ou 6 parts. Ingr\u00e9dients : foie gras, eau 10%, sel, poivre, sucre (prix au kilo : 73,68\u20ac)","rel":"","context":"Article similaire","block_context":{"text":"Article similaire","link":""},"img":{"alt_text":"","src":"https:\/\/i0.wp.com\/www.ferme-poutchas.fr\/Poutchas\/wp-content\/uploads\/2017\/07\/foiegrasbloc190.jpg?fit=286%2C459&ssl=1&resize=350%2C200","width":350,"height":200},"classes":[]}],"_links":{"self":[{"href":"https:\/\/www.ferme-poutchas.fr\/Poutchas\/wp-json\/wp\/v2\/product\/176"}],"collection":[{"href":"https:\/\/www.ferme-poutchas.fr\/Poutchas\/wp-json\/wp\/v2\/product"}],"about":[{"href":"https:\/\/www.ferme-poutchas.fr\/Poutchas\/wp-json\/wp\/v2\/types\/product"}],"wp:featuredmedia":[{"embeddable":true,"href":"https:\/\/www.ferme-poutchas.fr\/Poutchas\/wp-json\/wp\/v2\/media\/177"}],"wp:attachment":[{"href":"https:\/\/www.ferme-poutchas.fr\/Poutchas\/wp-json\/wp\/v2\/media?parent=176"}],"wp:term":[{"taxonomy":"product_cat","embeddable":true,"href":"https:\/\/www.ferme-poutchas.fr\/Poutchas\/wp-json\/wp\/v2\/product_cat?post=176"},{"taxonomy":"product_tag","embeddable":true,"href":"https:\/\/www.ferme-poutchas.fr\/Poutchas\/wp-json\/wp\/v2\/product_tag?post=176"}],"curies":[{"name":"wp","href":"https:\/\/api.w.org\/{rel}","templated":true}]}}