{"id":172,"date":"2017-07-28T11:16:46","date_gmt":"2017-07-28T09:16:46","guid":{"rendered":"https:\/\/www.ferme-poutchas.fr\/Poutchas\/?post_type=product&#038;p=172"},"modified":"2024-02-05T14:32:40","modified_gmt":"2024-02-05T13:32:40","slug":"bloc-foie-canard-190g","status":"publish","type":"product","link":"https:\/\/www.ferme-poutchas.fr\/Poutchas\/produit\/bloc-foie-canard-190g\/","title":{"rendered":"BLOC DE FOIE de canard 190g"},"content":{"rendered":"<p>Boite de 190g, 5 ou 6 parts.<\/p>\n<p><em>Ingr\u00e9dients<\/em> : foie gras, eau 10%, sel, poivre, sucre<\/p>\n<p>(prix au kilo : 73,68\u20ac)<\/p>\n","protected":false},"excerpt":{"rendered":"<p>Boite de 190g, 5 ou 6 parts.<\/p>\n<p><em>Ingr\u00e9dients<\/em> : foie gras, eau 10%, sel, poivre, sucre<\/p>\n<p>(prix au kilo : 73,68\u20ac)<\/p>\n","protected":false},"featured_media":173,"template":"","meta":{"_et_pb_use_builder":"","_et_pb_old_content":"","_et_gb_content_width":"","jetpack_post_was_ever_published":false,"jetpack_publicize_message":"","jetpack_is_tweetstorm":false,"jetpack_publicize_feature_enabled":true,"jetpack_social_post_already_shared":true,"jetpack_social_options":{"image_generator_settings":{"template":"highway","enabled":false}}},"product_cat":[29],"product_tag":[],"jetpack_publicize_connections":[],"jetpack_sharing_enabled":true,"jetpack-related-posts":[{"id":174,"url":"https:\/\/www.ferme-poutchas.fr\/Poutchas\/produit\/foie-gras-bloc-de-foie-de-canard-90g\/","url_meta":{"origin":172,"position":0},"title":"BLOC DE FOIE de canard 90g","author":"WebPoutchas","date":"28 juillet 2017","format":false,"excerpt":"Boite de 90g, 3 ou 4 parts. Ingr\u00e9dients : foie gras, eau 10%, sel, poivre, sucre (prix au kilo : 77,77\u20ac)","rel":"","context":"Article similaire","block_context":{"text":"Article similaire","link":""},"img":{"alt_text":"","src":"https:\/\/i0.wp.com\/www.ferme-poutchas.fr\/Poutchas\/wp-content\/uploads\/2017\/07\/foiegrasbloc90.jpg?fit=250%2C293&ssl=1&resize=350%2C200","width":350,"height":200},"classes":[]},{"id":166,"url":"https:\/\/www.ferme-poutchas.fr\/Poutchas\/produit\/foie-gras-bocal-de-350g\/","url_meta":{"origin":172,"position":1},"title":"FOIE GRAS Bocal de 350g","author":"WebPoutchas","date":"28 juillet 2017","format":false,"excerpt":"Bocal de 350g, 5 ou 6 parts. Ingr\u00e9dients : Foie gras, sel, poivre, sucre. (prix au kilo : 107,14\u20ac)","rel":"","context":"Article similaire","block_context":{"text":"Article similaire","link":""},"img":{"alt_text":"Ferme Poutchas - Foie Gras 350g","src":"https:\/\/i0.wp.com\/www.ferme-poutchas.fr\/Poutchas\/wp-content\/uploads\/2017\/07\/foiegras350.jpg?fit=592%2C506&ssl=1&resize=350%2C200","width":350,"height":200,"srcset":"https:\/\/i0.wp.com\/www.ferme-poutchas.fr\/Poutchas\/wp-content\/uploads\/2017\/07\/foiegras350.jpg?fit=592%2C506&ssl=1&resize=350%2C200 1x, https:\/\/i0.wp.com\/www.ferme-poutchas.fr\/Poutchas\/wp-content\/uploads\/2017\/07\/foiegras350.jpg?fit=592%2C506&ssl=1&resize=525%2C300 1.5x"},"classes":[]},{"id":170,"url":"https:\/\/www.ferme-poutchas.fr\/Poutchas\/produit\/foie-gras-bocal-de-140g\/","url_meta":{"origin":172,"position":2},"title":"FOIE GRAS Bocal de 140g","author":"WebPoutchas","date":"28 juillet 2017","format":false,"excerpt":"Bocal de 140g, 2 ou 3 parts. Ingr\u00e9dients : Foie gras, sel, poivre, sucre. (prix au kilo : 125,00\u20ac)","rel":"","context":"Article similaire","block_context":{"text":"Article similaire","link":""},"img":{"alt_text":"Ferme Poutchas - Foie Gras 140g","src":"https:\/\/i0.wp.com\/www.ferme-poutchas.fr\/Poutchas\/wp-content\/uploads\/2017\/07\/foiegras140.jpg?fit=474%2C389&ssl=1&resize=350%2C200","width":350,"height":200},"classes":[]},{"id":168,"url":"https:\/\/www.ferme-poutchas.fr\/Poutchas\/produit\/foie-gras-bocal-de-200g\/","url_meta":{"origin":172,"position":3},"title":"FOIE GRAS Bocal de 200g","author":"WebPoutchas","date":"28 juillet 2017","format":false,"excerpt":"Bocal de 200g, 4 parts. Ingr\u00e9dients : Foie gras, sel, poivre, sucre. (prix au kilo : 117,50\u20ac)","rel":"","context":"Article similaire","block_context":{"text":"Article similaire","link":""},"img":{"alt_text":"Ferme Poutchas - Foie Gras 200g","src":"https:\/\/i0.wp.com\/www.ferme-poutchas.fr\/Poutchas\/wp-content\/uploads\/2017\/07\/foiegras200.jpg?fit=492%2C456&ssl=1&resize=350%2C200","width":350,"height":200},"classes":[]},{"id":204,"url":"https:\/\/www.ferme-poutchas.fr\/Poutchas\/produit\/aiguillette-canard-foie-gras\/","url_meta":{"origin":172,"position":4},"title":"AIGUILLETTE DE CANARD roul\u00e9e au Foie gras","author":"WebPoutchas","date":"28 juillet 2017","format":false,"excerpt":"Les d\u00e9lices de la ferme Poutchas. Aiguillette roul\u00e9e au foie gras. Ingr\u00e9dients : aiguillette, foie gras 40%, sel, poivre vert. Bo\u00eete de 65g, 1 part. (prix au kilo : 69,23\u20ac)","rel":"","context":"Article similaire","block_context":{"text":"Article similaire","link":""},"img":{"alt_text":"","src":"https:\/\/i0.wp.com\/www.ferme-poutchas.fr\/Poutchas\/wp-content\/uploads\/2017\/07\/aiguilletteroulle65.jpg?fit=265%2C231&ssl=1&resize=350%2C200","width":350,"height":200},"classes":[]},{"id":196,"url":"https:\/\/www.ferme-poutchas.fr\/Poutchas\/produit\/magret-canard-fourre-foie-gras\/","url_meta":{"origin":172,"position":5},"title":"MAGRET DE CANARD fourr\u00e9 au Foie gras","author":"WebPoutchas","date":"28 juillet 2017","format":false,"excerpt":"Les d\u00e9lices de la ferme Poutchas. Magret fourr\u00e9 au foie gras Ingr\u00e9dients : Magret, foie gras 30%, ail, sel, poivre Bo\u00eete de 420g (prix au kilo : 46,42\u20ac)","rel":"","context":"Article similaire","block_context":{"text":"Article similaire","link":""},"img":{"alt_text":"Ferme Poutchas - MAGRET DE CANARD FOURR\u00c9 AU FOIE GRAS","src":"https:\/\/i0.wp.com\/www.ferme-poutchas.fr\/Poutchas\/wp-content\/uploads\/2017\/07\/magretfourreefoiegras.jpg?fit=470%2C524&ssl=1&resize=350%2C200","width":350,"height":200},"classes":[]}],"_links":{"self":[{"href":"https:\/\/www.ferme-poutchas.fr\/Poutchas\/wp-json\/wp\/v2\/product\/172"}],"collection":[{"href":"https:\/\/www.ferme-poutchas.fr\/Poutchas\/wp-json\/wp\/v2\/product"}],"about":[{"href":"https:\/\/www.ferme-poutchas.fr\/Poutchas\/wp-json\/wp\/v2\/types\/product"}],"wp:featuredmedia":[{"embeddable":true,"href":"https:\/\/www.ferme-poutchas.fr\/Poutchas\/wp-json\/wp\/v2\/media\/173"}],"wp:attachment":[{"href":"https:\/\/www.ferme-poutchas.fr\/Poutchas\/wp-json\/wp\/v2\/media?parent=172"}],"wp:term":[{"taxonomy":"product_cat","embeddable":true,"href":"https:\/\/www.ferme-poutchas.fr\/Poutchas\/wp-json\/wp\/v2\/product_cat?post=172"},{"taxonomy":"product_tag","embeddable":true,"href":"https:\/\/www.ferme-poutchas.fr\/Poutchas\/wp-json\/wp\/v2\/product_tag?post=172"}],"curies":[{"name":"wp","href":"https:\/\/api.w.org\/{rel}","templated":true}]}}