{"id":170,"date":"2017-07-28T11:08:17","date_gmt":"2017-07-28T09:08:17","guid":{"rendered":"https:\/\/www.ferme-poutchas.fr\/Poutchas\/?post_type=product&#038;p=170"},"modified":"2024-02-05T14:27:27","modified_gmt":"2024-02-05T13:27:27","slug":"foie-gras-bocal-de-140g","status":"publish","type":"product","link":"https:\/\/www.ferme-poutchas.fr\/Poutchas\/produit\/foie-gras-bocal-de-140g\/","title":{"rendered":"FOIE GRAS Bocal de 140g"},"content":{"rendered":"<p>Bocal de 140g, 2 ou 3 parts.<\/p>\n<p><em>Ingr\u00e9dients<\/em> : Foie gras, sel, poivre, sucre.<\/p>\n<p>(prix au kilo : 125,00\u20ac)<\/p>\n","protected":false},"excerpt":{"rendered":"<p>Bocal de 140g, 2 ou 3 parts.<\/p>\n<p><em>Ingr\u00e9dients<\/em> : Foie gras, sel, poivre, sucre.<\/p>\n<p>(prix au kilo : 125,00\u20ac)<\/p>\n","protected":false},"featured_media":171,"template":"","meta":{"_et_pb_use_builder":"","_et_pb_old_content":"","_et_gb_content_width":"","jetpack_post_was_ever_published":false,"jetpack_publicize_message":"","jetpack_is_tweetstorm":false,"jetpack_publicize_feature_enabled":true,"jetpack_social_post_already_shared":true,"jetpack_social_options":{"image_generator_settings":{"template":"highway","enabled":false}}},"product_cat":[15],"product_tag":[],"jetpack_publicize_connections":[],"jetpack_sharing_enabled":true,"jetpack-related-posts":[{"id":166,"url":"https:\/\/www.ferme-poutchas.fr\/Poutchas\/produit\/foie-gras-bocal-de-350g\/","url_meta":{"origin":170,"position":0},"title":"FOIE GRAS Bocal de 350g","author":"WebPoutchas","date":"28 juillet 2017","format":false,"excerpt":"Bocal de 350g, 5 ou 6 parts. Ingr\u00e9dients : Foie gras, sel, poivre, sucre. (prix au kilo : 107,14\u20ac)","rel":"","context":"Article similaire","block_context":{"text":"Article similaire","link":""},"img":{"alt_text":"Ferme Poutchas - Foie Gras 350g","src":"https:\/\/i0.wp.com\/www.ferme-poutchas.fr\/Poutchas\/wp-content\/uploads\/2017\/07\/foiegras350.jpg?fit=592%2C506&ssl=1&resize=350%2C200","width":350,"height":200,"srcset":"https:\/\/i0.wp.com\/www.ferme-poutchas.fr\/Poutchas\/wp-content\/uploads\/2017\/07\/foiegras350.jpg?fit=592%2C506&ssl=1&resize=350%2C200 1x, https:\/\/i0.wp.com\/www.ferme-poutchas.fr\/Poutchas\/wp-content\/uploads\/2017\/07\/foiegras350.jpg?fit=592%2C506&ssl=1&resize=525%2C300 1.5x"},"classes":[]},{"id":168,"url":"https:\/\/www.ferme-poutchas.fr\/Poutchas\/produit\/foie-gras-bocal-de-200g\/","url_meta":{"origin":170,"position":1},"title":"FOIE GRAS Bocal de 200g","author":"WebPoutchas","date":"28 juillet 2017","format":false,"excerpt":"Bocal de 200g, 4 parts. Ingr\u00e9dients : Foie gras, sel, poivre, sucre. (prix au kilo : 117,50\u20ac)","rel":"","context":"Article similaire","block_context":{"text":"Article similaire","link":""},"img":{"alt_text":"Ferme Poutchas - Foie Gras 200g","src":"https:\/\/i0.wp.com\/www.ferme-poutchas.fr\/Poutchas\/wp-content\/uploads\/2017\/07\/foiegras200.jpg?fit=492%2C456&ssl=1&resize=350%2C200","width":350,"height":200},"classes":[]},{"id":174,"url":"https:\/\/www.ferme-poutchas.fr\/Poutchas\/produit\/foie-gras-bloc-de-foie-de-canard-90g\/","url_meta":{"origin":170,"position":2},"title":"BLOC DE FOIE de canard 90g","author":"WebPoutchas","date":"28 juillet 2017","format":false,"excerpt":"Boite de 90g, 3 ou 4 parts. Ingr\u00e9dients : foie gras, eau 10%, sel, poivre, sucre (prix au kilo : 77,77\u20ac)","rel":"","context":"Article similaire","block_context":{"text":"Article similaire","link":""},"img":{"alt_text":"","src":"https:\/\/i0.wp.com\/www.ferme-poutchas.fr\/Poutchas\/wp-content\/uploads\/2017\/07\/foiegrasbloc90.jpg?fit=250%2C293&ssl=1&resize=350%2C200","width":350,"height":200},"classes":[]},{"id":172,"url":"https:\/\/www.ferme-poutchas.fr\/Poutchas\/produit\/bloc-foie-canard-190g\/","url_meta":{"origin":170,"position":3},"title":"BLOC DE FOIE de canard 190g","author":"WebPoutchas","date":"28 juillet 2017","format":false,"excerpt":"Boite de 190g, 5 ou 6 parts. Ingr\u00e9dients : foie gras, eau 10%, sel, poivre, sucre (prix au kilo : 73,68\u20ac)","rel":"","context":"Article similaire","block_context":{"text":"Article similaire","link":""},"img":{"alt_text":"","src":"https:\/\/i0.wp.com\/www.ferme-poutchas.fr\/Poutchas\/wp-content\/uploads\/2017\/07\/foiegrasbloc190.jpg?fit=286%2C459&ssl=1&resize=350%2C200","width":350,"height":200},"classes":[]},{"id":223,"url":"https:\/\/www.ferme-poutchas.fr\/Poutchas\/produit\/panier-fermier\/","url_meta":{"origin":170,"position":4},"title":"GRAND PANIER FERMIER (EN OSIER)","author":"WebPoutchas","date":"28 juillet 2017","format":false,"excerpt":"Les coffrets cadeaux paysans. Foie Gras entier, 1 bocal 140g. Magret fourr\u00e9 au Foie, 1 bo\u00eete 420g. 2 cuisses, 1 bocal 680g. Rillettes, 1 bo\u00eete 190g. Rillons, 1 bocal 90g. P\u00e2t\u00e9 au Foie Gras, 1 bocal 90g.","rel":"","context":"Article similaire","block_context":{"text":"Article similaire","link":""},"img":{"alt_text":"Ferme Poutchas - GRAND PANIER FERMIER","src":"https:\/\/i0.wp.com\/www.ferme-poutchas.fr\/Poutchas\/wp-content\/uploads\/2017\/07\/grandpanierfermier.jpg?fit=800%2C433&ssl=1&resize=350%2C200","width":350,"height":200,"srcset":"https:\/\/i0.wp.com\/www.ferme-poutchas.fr\/Poutchas\/wp-content\/uploads\/2017\/07\/grandpanierfermier.jpg?fit=800%2C433&ssl=1&resize=350%2C200 1x, https:\/\/i0.wp.com\/www.ferme-poutchas.fr\/Poutchas\/wp-content\/uploads\/2017\/07\/grandpanierfermier.jpg?fit=800%2C433&ssl=1&resize=525%2C300 1.5x, https:\/\/i0.wp.com\/www.ferme-poutchas.fr\/Poutchas\/wp-content\/uploads\/2017\/07\/grandpanierfermier.jpg?fit=800%2C433&ssl=1&resize=700%2C400 2x"},"classes":[]},{"id":217,"url":"https:\/\/www.ferme-poutchas.fr\/Poutchas\/produit\/baquet-du-vendangeur\/","url_meta":{"origin":170,"position":5},"title":"BAQUET DU VENDANGEUR (EN BOIS)","author":"WebPoutchas","date":"28 juillet 2017","format":false,"excerpt":"Les coffrets cadeaux paysans. Foie Gras entier, 1 bocal 140g. P\u00e2t\u00e9 au Foie Gras, 1 bocal 200g. Vin Blanc Moelleux.","rel":"","context":"Article similaire","block_context":{"text":"Article similaire","link":""},"img":{"alt_text":"Ferme Poutchas - BAQUET DU VENDANGEUR","src":"https:\/\/i0.wp.com\/www.ferme-poutchas.fr\/Poutchas\/wp-content\/uploads\/2017\/07\/baquetduvendangeur.jpg?fit=584%2C800&ssl=1&resize=350%2C200","width":350,"height":200,"srcset":"https:\/\/i0.wp.com\/www.ferme-poutchas.fr\/Poutchas\/wp-content\/uploads\/2017\/07\/baquetduvendangeur.jpg?fit=584%2C800&ssl=1&resize=350%2C200 1x, https:\/\/i0.wp.com\/www.ferme-poutchas.fr\/Poutchas\/wp-content\/uploads\/2017\/07\/baquetduvendangeur.jpg?fit=584%2C800&ssl=1&resize=525%2C300 1.5x"},"classes":[]}],"_links":{"self":[{"href":"https:\/\/www.ferme-poutchas.fr\/Poutchas\/wp-json\/wp\/v2\/product\/170"}],"collection":[{"href":"https:\/\/www.ferme-poutchas.fr\/Poutchas\/wp-json\/wp\/v2\/product"}],"about":[{"href":"https:\/\/www.ferme-poutchas.fr\/Poutchas\/wp-json\/wp\/v2\/types\/product"}],"wp:featuredmedia":[{"embeddable":true,"href":"https:\/\/www.ferme-poutchas.fr\/Poutchas\/wp-json\/wp\/v2\/media\/171"}],"wp:attachment":[{"href":"https:\/\/www.ferme-poutchas.fr\/Poutchas\/wp-json\/wp\/v2\/media?parent=170"}],"wp:term":[{"taxonomy":"product_cat","embeddable":true,"href":"https:\/\/www.ferme-poutchas.fr\/Poutchas\/wp-json\/wp\/v2\/product_cat?post=170"},{"taxonomy":"product_tag","embeddable":true,"href":"https:\/\/www.ferme-poutchas.fr\/Poutchas\/wp-json\/wp\/v2\/product_tag?post=170"}],"curies":[{"name":"wp","href":"https:\/\/api.w.org\/{rel}","templated":true}]}}