{"id":376,"date":"2017-08-09T10:20:25","date_gmt":"2017-08-09T08:20:25","guid":{"rendered":"https:\/\/www.ferme-poutchas.fr\/Poutchas\/?page_id=376"},"modified":"2018-01-08T11:03:23","modified_gmt":"2018-01-08T10:03:23","slug":"contactez-fermepoutchas","status":"publish","type":"page","link":"https:\/\/www.ferme-poutchas.fr\/Poutchas\/contactez-fermepoutchas\/","title":{"rendered":"Contactez-nous"},"content":{"rendered":"<p>[et_pb_section bb_built=\u00a0\u00bb1&Prime; fullwidth=\u00a0\u00bbon\u00a0\u00bb specialty=\u00a0\u00bboff\u00a0\u00bb][et_pb_fullwidth_image _builder_version=\u00a0\u00bb3.0.77&Prime; src=\u00a0\u00bbhttps:\/\/www.ferme-poutchas.fr\/Poutchas\/wp-content\/uploads\/2017\/08\/ContactezFermePoutchas.jpg\u00a0\u00bb show_in_lightbox=\u00a0\u00bboff\u00a0\u00bb url_new_window=\u00a0\u00bboff\u00a0\u00bb use_overlay=\u00a0\u00bboff\u00a0\u00bb border_style=\u00a0\u00bbsolid\u00a0\u00bb \/][\/et_pb_section][et_pb_section bb_built=\u00a0\u00bb1&Prime; fullwidth=\u00a0\u00bboff\u00a0\u00bb _builder_version=\u00a0\u00bb3.0.66&Prime; background_color=\u00a0\u00bb#faebd7&Prime;][et_pb_row][et_pb_column type=\u00a0\u00bb2_3&Prime;][et_pb_code _builder_version=\u00a0\u00bb3.0.92&Prime;]\n<div class=\"wpcf7 no-js\" id=\"wpcf7-f629-o1\" lang=\"fr-FR\" dir=\"ltr\">\n<div class=\"screen-reader-response\"><p role=\"status\" aria-live=\"polite\" aria-atomic=\"true\"><\/p> <ul><\/ul><\/div>\n<form action=\"\/Poutchas\/wp-json\/wp\/v2\/pages\/376#wpcf7-f629-o1\" method=\"post\" class=\"wpcf7-form init\" aria-label=\"Formulaire de contact\" novalidate=\"novalidate\" data-status=\"init\">\n<div style=\"display: none;\">\n<input type=\"hidden\" name=\"_wpcf7\" value=\"629\" \/>\n<input type=\"hidden\" name=\"_wpcf7_version\" value=\"5.8.1\" \/>\n<input type=\"hidden\" name=\"_wpcf7_locale\" value=\"fr_FR\" \/>\n<input type=\"hidden\" name=\"_wpcf7_unit_tag\" value=\"wpcf7-f629-o1\" \/>\n<input type=\"hidden\" name=\"_wpcf7_container_post\" value=\"0\" \/>\n<input type=\"hidden\" name=\"_wpcf7_posted_data_hash\" value=\"\" \/>\n<\/div>\n<p><label> Votre nom (obligatoire)<br \/>\n<span class=\"wpcf7-form-control-wrap\" data-name=\"your-name\"><input size=\"40\" class=\"wpcf7-form-control wpcf7-text wpcf7-validates-as-required\" aria-required=\"true\" aria-invalid=\"false\" value=\"\" type=\"text\" name=\"your-name\" \/><\/span> <\/label>\n<\/p>\n<p><label> Votre adresse de messagerie (obligatoire)<br \/>\n<span class=\"wpcf7-form-control-wrap\" data-name=\"your-email\"><input size=\"40\" class=\"wpcf7-form-control wpcf7-email wpcf7-validates-as-required wpcf7-text wpcf7-validates-as-email\" aria-required=\"true\" aria-invalid=\"false\" value=\"\" type=\"email\" name=\"your-email\" \/><\/span> <\/label>\n<\/p>\n<p><label> Objet<br \/>\n<span class=\"wpcf7-form-control-wrap\" data-name=\"your-subject\"><input size=\"40\" class=\"wpcf7-form-control wpcf7-text\" aria-invalid=\"false\" value=\"\" type=\"text\" name=\"your-subject\" \/><\/span> <\/label>\n<\/p>\n<p><label> Votre message<br \/>\n<span class=\"wpcf7-form-control-wrap\" data-name=\"your-message\"><textarea cols=\"40\" rows=\"10\" class=\"wpcf7-form-control wpcf7-textarea\" aria-invalid=\"false\" name=\"your-message\"><\/textarea><\/span> <\/label>\n<\/p>\n<p><input class=\"wpcf7-form-control wpcf7-submit has-spinner\" type=\"submit\" value=\"Envoyer\" \/>\n<\/p><div class=\"wpcf7-response-output\" aria-hidden=\"true\"><\/div>\n<\/form>\n<\/div>\n[\/et_pb_code][\/et_pb_column][et_pb_column type=\u00a0\u00bb1_3&Prime;][et_pb_text admin_label=\u00a0\u00bbText\u00a0\u00bb background_layout=\u00a0\u00bblight\u00a0\u00bb text_orientation=\u00a0\u00bbleft\u00a0\u00bb background_position=\u00a0\u00bbtop_left\u00a0\u00bb background_repeat=\u00a0\u00bbrepeat\u00a0\u00bb background_size=\u00a0\u00bbinitial\u00a0\u00bb _builder_version=\u00a0\u00bb3.0.66&Prime; border_style=\u00a0\u00bbsolid\u00a0\u00bb module_alignment=\u00a0\u00bbleft\u00a0\u00bb]<\/p>\n<h3>Demandes d&rsquo;informations<\/h3>\n<p>Pour toutes demandes d&rsquo;informations, vous pouvez remplir le formulaire ci-dessous. Une r\u00e9ponse vous sera donn\u00e9e rapidement.<br \/>\nMerci de renseigner les champs marqu\u00e9s d&rsquo;un (*) obligatoirement.<\/p>\n<p><strong>Adresse:<\/strong> FERME POUTCHAS, 40800 Saint-Agnet, France, Landes(40)<\/p>\n<p><strong>T\u00e9l\u00e9phone :<\/strong> 05 58 79 92 63<\/p>\n<p><strong>Email :<\/strong><span id=\"et-info-phone\"> <\/span><a href=\"mailto:gaec.poutchas@wanadoo.fr\"><span id=\"et-info-email\">gaec.poutchas@wanadoo.fr<\/span><\/a><\/p>\n<p>[\/et_pb_text][et_pb_sidebar _builder_version=\u00a0\u00bb3.0.67&Prime; area=\u00a0\u00bbsidebar-1&Prime; orientation=\u00a0\u00bbleft\u00a0\u00bb background_layout=\u00a0\u00bblight\u00a0\u00bb show_border=\u00a0\u00bbon\u00a0\u00bb \/][\/et_pb_column][\/et_pb_row][\/et_pb_section]<\/p>\n","protected":false},"excerpt":{"rendered":"<p><div class=\"et_pb_row et_pb_row_0 et_pb_row_empty\">\n\t\t\t\t\n\t\t\t\t\n\t\t\t\t\n\t\t\t\t\n\t\t\t\t\n\t\t\t<\/div>\n<div class=\"wpcf7 no-js\" id=\"wpcf7-f629-o2\" lang=\"fr-FR\" dir=\"ltr\">\n<div class=\"screen-reader-response\"><p role=\"status\" aria-live=\"polite\" aria-atomic=\"true\"><\/p> <ul><\/ul><\/div>\n<form action=\"\/Poutchas\/wp-json\/wp\/v2\/pages\/376#wpcf7-f629-o2\" method=\"post\" class=\"wpcf7-form init\" aria-label=\"Formulaire de contact\" novalidate=\"novalidate\" data-status=\"init\">\n<div style=\"display: none;\">\n<input type=\"hidden\" name=\"_wpcf7\" value=\"629\" \/>\n<input type=\"hidden\" name=\"_wpcf7_version\" value=\"5.8.1\" \/>\n<input type=\"hidden\" name=\"_wpcf7_locale\" value=\"fr_FR\" \/>\n<input type=\"hidden\" name=\"_wpcf7_unit_tag\" value=\"wpcf7-f629-o2\" \/>\n<input type=\"hidden\" name=\"_wpcf7_container_post\" value=\"0\" \/>\n<input type=\"hidden\" name=\"_wpcf7_posted_data_hash\" value=\"\" \/>\n<\/div>\n<p><label> Votre nom (obligatoire)<br \/>\n<span class=\"wpcf7-form-control-wrap\" data-name=\"your-name\"><input size=\"40\" class=\"wpcf7-form-control wpcf7-text wpcf7-validates-as-required\" aria-required=\"true\" aria-invalid=\"false\" value=\"\" type=\"text\" name=\"your-name\" \/><\/span> <\/label>\n<\/p>\n<p><label> Votre adresse de messagerie (obligatoire)<br \/>\n<span class=\"wpcf7-form-control-wrap\" data-name=\"your-email\"><input size=\"40\" class=\"wpcf7-form-control wpcf7-email wpcf7-validates-as-required wpcf7-text wpcf7-validates-as-email\" aria-required=\"true\" aria-invalid=\"false\" value=\"\" type=\"email\" name=\"your-email\" \/><\/span> <\/label>\n<\/p>\n<p><label> Objet<br \/>\n<span class=\"wpcf7-form-control-wrap\" data-name=\"your-subject\"><input size=\"40\" class=\"wpcf7-form-control wpcf7-text\" aria-invalid=\"false\" value=\"\" type=\"text\" name=\"your-subject\" \/><\/span> <\/label>\n<\/p>\n<p><label> Votre message<br \/>\n<span class=\"wpcf7-form-control-wrap\" data-name=\"your-message\"><textarea cols=\"40\" rows=\"10\" class=\"wpcf7-form-control wpcf7-textarea\" aria-invalid=\"false\" name=\"your-message\"><\/textarea><\/span> <\/label>\n<\/p>\n<p><input class=\"wpcf7-form-control wpcf7-submit has-spinner\" type=\"submit\" value=\"Envoyer\" \/>\n<\/p><div class=\"wpcf7-response-output\" aria-hidden=\"true\"><\/div>\n<\/form>\n<\/div>\n Demandes d&rsquo;informations Pour toutes demandes d&rsquo;informations, vous pouvez remplir le formulaire ci-dessous. Une r\u00e9ponse vous sera donn\u00e9e rapidement. Merci de renseigner les champs marqu\u00e9s d&rsquo;un (*) obligatoirement. Adresse: FERME POUTCHAS, 40800 Saint-Agnet, France, Landes(40) T\u00e9l\u00e9phone : 05 58 79 92 63 Email : gaec.poutchas@wanadoo.fr<\/p>\n","protected":false},"author":1,"featured_media":0,"parent":0,"menu_order":0,"comment_status":"closed","ping_status":"closed","template":"","meta":{"_et_pb_use_builder":"on","_et_pb_old_content":"","_et_gb_content_width":"","jetpack_post_was_ever_published":false},"jetpack_sharing_enabled":true,"jetpack_shortlink":"https:\/\/wp.me\/P93ySV-64","jetpack-related-posts":[{"id":488,"url":"https:\/\/www.ferme-poutchas.fr\/Poutchas\/mentions-legales\/","url_meta":{"origin":376,"position":0},"title":"Mentions l\u00e9gales","author":"WebPoutchas","date":"6 octobre 2017","format":false,"excerpt":"","rel":"","context":"Article similaire","block_context":{"text":"Article similaire","link":""},"img":{"alt_text":"","src":"","width":0,"height":0},"classes":[]}],"_links":{"self":[{"href":"https:\/\/www.ferme-poutchas.fr\/Poutchas\/wp-json\/wp\/v2\/pages\/376"}],"collection":[{"href":"https:\/\/www.ferme-poutchas.fr\/Poutchas\/wp-json\/wp\/v2\/pages"}],"about":[{"href":"https:\/\/www.ferme-poutchas.fr\/Poutchas\/wp-json\/wp\/v2\/types\/page"}],"author":[{"embeddable":true,"href":"https:\/\/www.ferme-poutchas.fr\/Poutchas\/wp-json\/wp\/v2\/users\/1"}],"replies":[{"embeddable":true,"href":"https:\/\/www.ferme-poutchas.fr\/Poutchas\/wp-json\/wp\/v2\/comments?post=376"}],"version-history":[{"count":21,"href":"https:\/\/www.ferme-poutchas.fr\/Poutchas\/wp-json\/wp\/v2\/pages\/376\/revisions"}],"predecessor-version":[{"id":630,"href":"https:\/\/www.ferme-poutchas.fr\/Poutchas\/wp-json\/wp\/v2\/pages\/376\/revisions\/630"}],"wp:attachment":[{"href":"https:\/\/www.ferme-poutchas.fr\/Poutchas\/wp-json\/wp\/v2\/media?parent=376"}],"curies":[{"name":"wp","href":"https:\/\/api.w.org\/{rel}","templated":true}]}}