{"id":2,"date":"2017-07-25T10:40:48","date_gmt":"2017-07-25T08:40:48","guid":{"rendered":"http:\/\/ferme-poutchas.fr\/Poutchas\/?page_id=2"},"modified":"2017-10-25T12:34:28","modified_gmt":"2017-10-25T10:34:28","slug":"page-d-exemple","status":"publish","type":"page","link":"https:\/\/www.ferme-poutchas.fr\/Poutchas\/","title":{"rendered":"Accueil"},"content":{"rendered":"<p>[et_pb_section bb_built=\u00a0\u00bb1&Prime; fullwidth=\u00a0\u00bbon\u00a0\u00bb specialty=\u00a0\u00bboff\u00a0\u00bb _builder_version=\u00a0\u00bb3.0.77&Prime; animation_repeat=\u00a0\u00bbloop\u00a0\u00bb background_color=\u00a0\u00bb#faebd7&Prime;][et_pb_fullwidth_slider _builder_version=\u00a0\u00bb3.0.82&Prime; show_arrows=\u00a0\u00bboff\u00a0\u00bb show_pagination=\u00a0\u00bboff\u00a0\u00bb show_inner_shadow=\u00a0\u00bbon\u00a0\u00bb custom_button=\u00a0\u00bboff\u00a0\u00bb button_icon_placement=\u00a0\u00bbright\u00a0\u00bb show_content_on_mobile=\u00a0\u00bbon\u00a0\u00bb show_cta_on_mobile=\u00a0\u00bbon\u00a0\u00bb show_image_video_mobile=\u00a0\u00bboff\u00a0\u00bb animation_repeat=\u00a0\u00bbloop\u00a0\u00bb auto=\u00a0\u00bbon\u00a0\u00bb auto_ignore_hover=\u00a0\u00bbon\u00a0\u00bb auto_speed=\u00a0\u00bb4500&Prime; box_shadow_position_button=\u00a0\u00bbouter\u00a0\u00bb box_shadow_position=\u00a0\u00bbouter\u00a0\u00bb] [et_pb_slide _builder_version=\u00a0\u00bb3.0.82&Prime; use_background_color_gradient=\u00a0\u00bboff\u00a0\u00bb background_color_gradient_start=\u00a0\u00bb#2b87da\u00a0\u00bb background_color_gradient_end=\u00a0\u00bb#29c4a9&Prime; background_color_gradient_type=\u00a0\u00bblinear\u00a0\u00bb background_color_gradient_direction=\u00a0\u00bb180deg\u00a0\u00bb background_color_gradient_direction_radial=\u00a0\u00bbcenter\u00a0\u00bb background_color_gradient_start_position=\u00a0\u00bb0%\u00a0\u00bb background_color_gradient_end_position=\u00a0\u00bb100%\u00a0\u00bb background_image=\u00a0\u00bbhttps:\/\/www.ferme-poutchas.fr\/Poutchas\/wp-content\/uploads\/2017\/07\/1-Ferme-Poutchas.jpg\u00a0\u00bb parallax=\u00a0\u00bboff\u00a0\u00bb parallax_method=\u00a0\u00bbon\u00a0\u00bb background_size=\u00a0\u00bbcontain\u00a0\u00bb background_position=\u00a0\u00bbcenter\u00a0\u00bb background_repeat=\u00a0\u00bbno-repeat\u00a0\u00bb background_blend=\u00a0\u00bbnormal\u00a0\u00bb allow_player_pause=\u00a0\u00bboff\u00a0\u00bb use_bg_overlay=\u00a0\u00bboff\u00a0\u00bb use_text_overlay=\u00a0\u00bboff\u00a0\u00bb text_border_radius=\u00a0\u00bb3&Prime; alignment=\u00a0\u00bbcenter\u00a0\u00bb background_layout=\u00a0\u00bbdark\u00a0\u00bb header_font_select=\u00a0\u00bbdefault\u00a0\u00bb header_font=\u00a0\u00bb||||\u00a0\u00bb body_font_select=\u00a0\u00bbdefault\u00a0\u00bb body_font=\u00a0\u00bb||||\u00a0\u00bb custom_button=\u00a0\u00bboff\u00a0\u00bb button_bg_use_color_gradient=\u00a0\u00bboff\u00a0\u00bb button_bg_color_gradient_start=\u00a0\u00bb#2b87da\u00a0\u00bb button_bg_color_gradient_end=\u00a0\u00bb#29c4a9&Prime; button_bg_color_gradient_type=\u00a0\u00bblinear\u00a0\u00bb button_bg_color_gradient_direction_radial=\u00a0\u00bbcenter\u00a0\u00bb button_bg_size=\u00a0\u00bbcover\u00a0\u00bb button_bg_position=\u00a0\u00bbcenter\u00a0\u00bb button_bg_repeat=\u00a0\u00bbno-repeat\u00a0\u00bb button_bg_blend=\u00a0\u00bbnormal\u00a0\u00bb button_font_select=\u00a0\u00bbdefault\u00a0\u00bb button_font=\u00a0\u00bb||||\u00a0\u00bb button_use_icon=\u00a0\u00bbon\u00a0\u00bb button_icon_placement=\u00a0\u00bbright\u00a0\u00bb button_on_hover=\u00a0\u00bbon\u00a0\u00bb box_shadow_style_button=\u00a0\u00bbnone\u00a0\u00bb box_shadow_color_button=\u00a0\u00bbrgba(0,0,0,0.3)\u00a0\u00bb box_shadow_position_button=\u00a0\u00bbouter\u00a0\u00bb \/][et_pb_slide _builder_version=\u00a0\u00bb3.0.82&Prime; use_background_color_gradient=\u00a0\u00bboff\u00a0\u00bb background_color_gradient_start=\u00a0\u00bb#2b87da\u00a0\u00bb background_color_gradient_end=\u00a0\u00bb#29c4a9&Prime; background_color_gradient_type=\u00a0\u00bblinear\u00a0\u00bb background_color_gradient_direction=\u00a0\u00bb180deg\u00a0\u00bb background_color_gradient_direction_radial=\u00a0\u00bbcenter\u00a0\u00bb background_color_gradient_start_position=\u00a0\u00bb0%\u00a0\u00bb background_color_gradient_end_position=\u00a0\u00bb100%\u00a0\u00bb background_image=\u00a0\u00bbhttps:\/\/www.ferme-poutchas.fr\/Poutchas\/wp-content\/uploads\/2017\/07\/2-Ferme-Poutchas.jpg\u00a0\u00bb parallax=\u00a0\u00bboff\u00a0\u00bb parallax_method=\u00a0\u00bbon\u00a0\u00bb background_size=\u00a0\u00bbcontain\u00a0\u00bb background_position=\u00a0\u00bbcenter\u00a0\u00bb background_repeat=\u00a0\u00bbno-repeat\u00a0\u00bb background_blend=\u00a0\u00bbnormal\u00a0\u00bb allow_player_pause=\u00a0\u00bboff\u00a0\u00bb use_bg_overlay=\u00a0\u00bboff\u00a0\u00bb use_text_overlay=\u00a0\u00bboff\u00a0\u00bb text_border_radius=\u00a0\u00bb3&Prime; alignment=\u00a0\u00bbcenter\u00a0\u00bb background_layout=\u00a0\u00bbdark\u00a0\u00bb header_font_select=\u00a0\u00bbdefault\u00a0\u00bb header_font=\u00a0\u00bb||||\u00a0\u00bb body_font_select=\u00a0\u00bbdefault\u00a0\u00bb body_font=\u00a0\u00bb||||\u00a0\u00bb custom_button=\u00a0\u00bboff\u00a0\u00bb button_bg_use_color_gradient=\u00a0\u00bboff\u00a0\u00bb button_bg_color_gradient_start=\u00a0\u00bb#2b87da\u00a0\u00bb button_bg_color_gradient_end=\u00a0\u00bb#29c4a9&Prime; button_bg_color_gradient_type=\u00a0\u00bblinear\u00a0\u00bb button_bg_color_gradient_direction_radial=\u00a0\u00bbcenter\u00a0\u00bb button_bg_size=\u00a0\u00bbcover\u00a0\u00bb button_bg_position=\u00a0\u00bbcenter\u00a0\u00bb button_bg_repeat=\u00a0\u00bbno-repeat\u00a0\u00bb button_bg_blend=\u00a0\u00bbnormal\u00a0\u00bb button_font_select=\u00a0\u00bbdefault\u00a0\u00bb button_font=\u00a0\u00bb||||\u00a0\u00bb button_use_icon=\u00a0\u00bbon\u00a0\u00bb button_icon_placement=\u00a0\u00bbright\u00a0\u00bb button_on_hover=\u00a0\u00bbon\u00a0\u00bb \/][et_pb_slide _builder_version=\u00a0\u00bb3.0.82&Prime; use_background_color_gradient=\u00a0\u00bboff\u00a0\u00bb background_color_gradient_start=\u00a0\u00bb#2b87da\u00a0\u00bb background_color_gradient_end=\u00a0\u00bb#29c4a9&Prime; background_color_gradient_type=\u00a0\u00bblinear\u00a0\u00bb background_color_gradient_direction=\u00a0\u00bb180deg\u00a0\u00bb background_color_gradient_direction_radial=\u00a0\u00bbcenter\u00a0\u00bb background_color_gradient_start_position=\u00a0\u00bb0%\u00a0\u00bb background_color_gradient_end_position=\u00a0\u00bb100%\u00a0\u00bb background_image=\u00a0\u00bbhttps:\/\/www.ferme-poutchas.fr\/Poutchas\/wp-content\/uploads\/2017\/07\/3-Ferme-Poutchas.jpg\u00a0\u00bb parallax=\u00a0\u00bboff\u00a0\u00bb parallax_method=\u00a0\u00bbon\u00a0\u00bb background_size=\u00a0\u00bbcontain\u00a0\u00bb background_position=\u00a0\u00bbcenter\u00a0\u00bb background_repeat=\u00a0\u00bbno-repeat\u00a0\u00bb background_blend=\u00a0\u00bbnormal\u00a0\u00bb allow_player_pause=\u00a0\u00bboff\u00a0\u00bb use_bg_overlay=\u00a0\u00bboff\u00a0\u00bb use_text_overlay=\u00a0\u00bboff\u00a0\u00bb text_border_radius=\u00a0\u00bb3&Prime; alignment=\u00a0\u00bbcenter\u00a0\u00bb background_layout=\u00a0\u00bbdark\u00a0\u00bb header_font_select=\u00a0\u00bbdefault\u00a0\u00bb header_font=\u00a0\u00bb||||\u00a0\u00bb body_font_select=\u00a0\u00bbdefault\u00a0\u00bb body_font=\u00a0\u00bb||||\u00a0\u00bb custom_button=\u00a0\u00bboff\u00a0\u00bb button_bg_use_color_gradient=\u00a0\u00bboff\u00a0\u00bb button_bg_color_gradient_start=\u00a0\u00bb#2b87da\u00a0\u00bb button_bg_color_gradient_end=\u00a0\u00bb#29c4a9&Prime; button_bg_color_gradient_type=\u00a0\u00bblinear\u00a0\u00bb button_bg_color_gradient_direction_radial=\u00a0\u00bbcenter\u00a0\u00bb button_bg_size=\u00a0\u00bbcover\u00a0\u00bb button_bg_position=\u00a0\u00bbcenter\u00a0\u00bb button_bg_repeat=\u00a0\u00bbno-repeat\u00a0\u00bb button_bg_blend=\u00a0\u00bbnormal\u00a0\u00bb button_font_select=\u00a0\u00bbdefault\u00a0\u00bb button_font=\u00a0\u00bb||||\u00a0\u00bb button_use_icon=\u00a0\u00bbon\u00a0\u00bb button_icon_placement=\u00a0\u00bbright\u00a0\u00bb button_on_hover=\u00a0\u00bbon\u00a0\u00bb \/] [\/et_pb_fullwidth_slider][\/et_pb_section][et_pb_section bb_built=\u00a0\u00bb1&Prime; fullwidth=\u00a0\u00bboff\u00a0\u00bb specialty=\u00a0\u00bboff\u00a0\u00bb _builder_version=\u00a0\u00bb3.0.77&Prime; background_color=\u00a0\u00bb#faebd7&Prime;][et_pb_row _builder_version=\u00a0\u00bb3.0.77&Prime;][et_pb_column type=\u00a0\u00bb1_2&Prime;][et_pb_text _builder_version=\u00a0\u00bb3.0.77&Prime; background_layout=\u00a0\u00bblight\u00a0\u00bb border_style=\u00a0\u00bbsolid\u00a0\u00bb module_alignment=\u00a0\u00bbleft\u00a0\u00bb]<\/p>\n<h1>Bienvenue \u00e0 la Ferme Poutchas<\/h1>\n<p>Lors de votre passage dans cette belle <strong>r\u00e9gion des Landes<\/strong>,<br \/>\nGenevi\u00e8ve, Jean-Paul, Maria et Christian DOREILH seront tr\u00e8s heureux de vous accueillir dans leur <strong>ferme Poutchas<\/strong>, pour vous pr\u00e9senter bien sur, le <strong>FOIE GRAS<\/strong>, mais aussi toute la diversit\u00e9 de leurs produits fermiers, qui vous serviront \u00e0 composer vos <strong>menus de f\u00eates.<\/strong><\/p>\n<p>Parmi eux, le <strong>magret fourr\u00e9<\/strong>, le cou de canard farci au foie gras, les <strong>aiguillettes roul\u00e9es au foie gras<\/strong>, le magret au thym, les p\u00e2t\u00e9s au foie gras, au piment d&rsquo;Espelette, les <strong>rillettes<\/strong> et leurs succulents <strong>confits<\/strong>.<\/p>\n<p>Tous ces produits rentrent \u00e9galement dans la composition des diff\u00e9rents coffrets cadeaux paysans (cadeaux aux particuliers et comit\u00e9s d&rsquo;entreprises).<\/p>\n<p>Toutes ces pr\u00e9parations sont \u00e9labor\u00e9es \u00e0 partir de <strong>canards \u00e9lev\u00e9s et gav\u00e9s traditionnellement<\/strong> dans le plus grand respect de la tradition fermi\u00e8re, sous la norme <strong>canard fermier des landes Label Rouge<\/strong>.<\/p>\n<p>Sur ce site vous sont pr\u00e9sent\u00e9s l&rsquo;ensemble de nos produits que vous pourrez acheter directement en ligne.<\/p>\n<p>[\/et_pb_text][\/et_pb_column][et_pb_column type=\u00a0\u00bb1_2&Prime;][et_pb_text _builder_version=\u00a0\u00bb3.0.65&Prime; background_layout=\u00a0\u00bblight\u00a0\u00bb text_orientation=\u00a0\u00bbleft\u00a0\u00bb border_style=\u00a0\u00bbsolid\u00a0\u00bb module_alignment=\u00a0\u00bbleft\u00a0\u00bb]<\/p>\n<h2>L&rsquo;ensemble des produits Poutchas<\/h2>\n<p>[\/et_pb_text][et_pb_image _builder_version=\u00a0\u00bb3.0.77&Prime; src=\u00a0\u00bbhttps:\/\/www.ferme-poutchas.fr\/Poutchas\/wp-content\/uploads\/2017\/07\/touslesproduitsPoutchas-1.jpg\u00a0\u00bb show_in_lightbox=\u00a0\u00bbon\u00a0\u00bb url_new_window=\u00a0\u00bboff\u00a0\u00bb use_overlay=\u00a0\u00bboff\u00a0\u00bb sticky=\u00a0\u00bboff\u00a0\u00bb align=\u00a0\u00bbcenter\u00a0\u00bb always_center_on_mobile=\u00a0\u00bbon\u00a0\u00bb border_style=\u00a0\u00bbsolid\u00a0\u00bb force_fullwidth=\u00a0\u00bboff\u00a0\u00bb use_border_color=\u00a0\u00bbon\u00a0\u00bb border_width=\u00a0\u00bb2px\u00a0\u00bb animation=\u00a0\u00bboff\u00a0\u00bb animation_direction=\u00a0\u00bboff\u00a0\u00bb \/][\/et_pb_column][\/et_pb_row][\/et_pb_section][et_pb_section bb_built=\u00a0\u00bb1&Prime; fullwidth=\u00a0\u00bbon\u00a0\u00bb specialty=\u00a0\u00bboff\u00a0\u00bb _builder_version=\u00a0\u00bb3.0.77&Prime; background_color=\u00a0\u00bb#faebd7&Prime;][et_pb_fullwidth_image _builder_version=\u00a0\u00bb3.0.77&Prime; src=\u00a0\u00bbhttps:\/\/www.ferme-poutchas.fr\/Poutchas\/wp-content\/uploads\/2017\/07\/MagasinFermePoutchas.jpg\u00a0\u00bb show_in_lightbox=\u00a0\u00bboff\u00a0\u00bb url_new_window=\u00a0\u00bboff\u00a0\u00bb use_overlay=\u00a0\u00bboff\u00a0\u00bb border_style=\u00a0\u00bbsolid\u00a0\u00bb animation=\u00a0\u00bboff\u00a0\u00bb animation_direction=\u00a0\u00bboff\u00a0\u00bb \/][\/et_pb_section][et_pb_section bb_built=\u00a0\u00bb1&Prime; fullwidth=\u00a0\u00bboff\u00a0\u00bb specialty=\u00a0\u00bboff\u00a0\u00bb _builder_version=\u00a0\u00bb3.0.66&Prime; background_color=\u00a0\u00bb#faebd7&Prime;][et_pb_row][et_pb_column type=\u00a0\u00bb4_4&Prime;][et_pb_text _builder_version=\u00a0\u00bb3.0.65&Prime; background_layout=\u00a0\u00bblight\u00a0\u00bb text_orientation=\u00a0\u00bbleft\u00a0\u00bb border_style=\u00a0\u00bbsolid\u00a0\u00bb module_alignment=\u00a0\u00bbleft\u00a0\u00bb]<\/p>\n<h2>Les conseils de la Ferme Poutchas<\/h2>\n<p>[\/et_pb_text][\/et_pb_column][\/et_pb_row][et_pb_row][et_pb_column type=\u00a0\u00bb1_3&Prime;][et_pb_team_member admin_label=\u00a0\u00bbFoie gras de Canard\u00a0\u00bb _builder_version=\u00a0\u00bb3.0.65&Prime; name=\u00a0\u00bbFoie gras de Canard\u00a0\u00bb image_url=\u00a0\u00bbhttps:\/\/www.ferme-poutchas.fr\/Poutchas\/wp-content\/uploads\/2017\/07\/7-foie-gras-canard-entier-1.jpg\u00a0\u00bb background_layout=\u00a0\u00bblight\u00a0\u00bb border_style=\u00a0\u00bbsolid\u00a0\u00bb animation=\u00a0\u00bboff\u00a0\u00bb position=\u00a0\u00bbFoie gras\u00a0\u00bb]<\/p>\n<p>Sortez-le du r\u00e9frig\u00e9rateur 1h avant de le consommer. Coupez-le en tranche avec une lame chaude. D\u00e9gustez sur une tranche de pain.<\/p>\n<p>&nbsp;<\/p>\n<p>[\/et_pb_team_member][et_pb_team_member admin_label=\u00a0\u00bbMagret de canard entier au thym\u00a0\u00bb _builder_version=\u00a0\u00bb3.0.65&Prime; name=\u00a0\u00bbMagret de canard entier au thym\u00a0\u00bb image_url=\u00a0\u00bbhttps:\/\/www.ferme-poutchas.fr\/Poutchas\/wp-content\/uploads\/2017\/07\/3-magret-de-canard-au-Thym.jpg\u00a0\u00bb background_layout=\u00a0\u00bblight\u00a0\u00bb border_style=\u00a0\u00bbsolid\u00a0\u00bb animation=\u00a0\u00bboff\u00a0\u00bb position=\u00a0\u00bbMagret\u00a0\u00bb]<\/p>\n<p>Enlevez d\u00e9licatement la graisse avec un couteau, tranchez en lamelles. Consommez froid et en accompagnement de vos entr\u00e9es.<\/p>\n<p>[\/et_pb_team_member][et_pb_team_member admin_label=\u00a0\u00bbConfit 2 cuisses\u00a0\u00bb _builder_version=\u00a0\u00bb3.0.65&Prime; name=\u00a0\u00bbCuisse de Canard en confit, 2 cuisses\u00a0\u00bb image_url=\u00a0\u00bbhttps:\/\/www.ferme-poutchas.fr\/Poutchas\/wp-content\/uploads\/2017\/07\/13-confits-de-canard-2.jpg\u00a0\u00bb background_layout=\u00a0\u00bblight\u00a0\u00bb border_style=\u00a0\u00bbsolid\u00a0\u00bb animation=\u00a0\u00bboff\u00a0\u00bb position=\u00a0\u00bbConfit\u00a0\u00bb]<\/p>\n<p>\u00d4tez la graisse en le r\u00e9chauffant \u00e0 feu doux, saisir au four ou \u00e0 la po\u00eale, c\u00f4t\u00e9 peau, laissez roussir, servez chaud.<\/p>\n<p>[\/et_pb_team_member][et_pb_team_member admin_label=\u00a0\u00bbP\u00e2t\u00e9 au Foie de Canard\u00a0\u00bb _builder_version=\u00a0\u00bb3.0.66&Prime; name=\u00a0\u00bbP\u00e2t\u00e9 au Foie de Canard\u00a0\u00bb image_url=\u00a0\u00bbhttps:\/\/www.ferme-poutchas.fr\/Poutchas\/wp-content\/uploads\/2017\/07\/1-pat\u00e9-au-foie-gras.jpg\u00a0\u00bb background_layout=\u00a0\u00bblight\u00a0\u00bb border_style=\u00a0\u00bbsolid\u00a0\u00bb animation=\u00a0\u00bboff\u00a0\u00bb position=\u00a0\u00bbP\u00e2t\u00e9\u00a0\u00bb]<\/p>\n<p>A consommer en entr\u00e9e avec du pain de campagne.<\/p>\n<p>[\/et_pb_team_member][et_pb_team_member admin_label=\u00a0\u00bbAiguillette de Canard\u00a0\u00bb _builder_version=\u00a0\u00bb3.0.66&Prime; name=\u00a0\u00bbAiguillette de Canard roul\u00e9e au Foie Gras\u00a0\u00bb image_url=\u00a0\u00bbhttps:\/\/www.ferme-poutchas.fr\/Poutchas\/wp-content\/uploads\/2017\/07\/5-aiguillette-canard-roul\u00e9-foie-gras.jpg\u00a0\u00bb background_layout=\u00a0\u00bblight\u00a0\u00bb border_style=\u00a0\u00bbsolid\u00a0\u00bb animation=\u00a0\u00bboff\u00a0\u00bb position=\u00a0\u00bbDivers\u00a0\u00bb]<\/p>\n<p>Plac\u00e9es au centre d&rsquo;une assiette, peuvent servir \u00e0 confectionner une assiette Landaise.<\/p>\n<p>[\/et_pb_team_member][\/et_pb_column][et_pb_column type=\u00a0\u00bb1_3&Prime;][et_pb_team_member admin_label=\u00a0\u00bbBloc de Foie de Canard\u00a0\u00bb _builder_version=\u00a0\u00bb3.0.65&Prime; name=\u00a0\u00bbBloc de Foie de Canard\u00a0\u00bb image_url=\u00a0\u00bbhttps:\/\/www.ferme-poutchas.fr\/Poutchas\/wp-content\/uploads\/2017\/07\/8-bloc-de-foie-gras-1.jpg\u00a0\u00bb background_layout=\u00a0\u00bblight\u00a0\u00bb border_style=\u00a0\u00bbsolid\u00a0\u00bb animation=\u00a0\u00bboff\u00a0\u00bb position=\u00a0\u00bbFoie gras\u00a0\u00bb]<\/p>\n<p>&nbsp;<\/p>\n<p>&nbsp;<\/p>\n<p>&nbsp;<\/p>\n<p>[\/et_pb_team_member][et_pb_team_member admin_label=\u00a0\u00bbDemi-Canard en confit\u00a0\u00bb _builder_version=\u00a0\u00bb3.0.66&Prime; name=\u00a0\u00bbDemi-Canard en confit 1 aile, 1 cuisse\u00a0\u00bb background_layout=\u00a0\u00bblight\u00a0\u00bb border_style=\u00a0\u00bbsolid\u00a0\u00bb animation=\u00a0\u00bboff\u00a0\u00bb position=\u00a0\u00bbConfit\u00a0\u00bb image_url=\u00a0\u00bbhttps:\/\/www.ferme-poutchas.fr\/Poutchas\/wp-content\/uploads\/2017\/07\/DemiCanard.jpg\u00a0\u00bb]<\/p>\n<p>&nbsp;<\/p>\n<p>&nbsp;<\/p>\n<p>&nbsp;<\/p>\n<p>[\/et_pb_team_member][et_pb_team_member admin_label=\u00a0\u00bbGesiers confits\u00a0\u00bb _builder_version=\u00a0\u00bb3.0.66&Prime; name=\u00a0\u00bbG\u00e9siers confits\u00a0\u00bb image_url=\u00a0\u00bbhttps:\/\/www.ferme-poutchas.fr\/Poutchas\/wp-content\/uploads\/2017\/07\/11-g\u00e9siers-de-canard-confits.jpg\u00a0\u00bb background_layout=\u00a0\u00bblight\u00a0\u00bb border_style=\u00a0\u00bbsolid\u00a0\u00bb animation=\u00a0\u00bboff\u00a0\u00bb position=\u00a0\u00bbConfit\u00a0\u00bb]<\/p>\n<p>D\u00e9graiss\u00e9s et r\u00e9chauff\u00e9s, coupez en fines lamelles, accompagn\u00e9s de pointes d&rsquo;asperges<\/p>\n<p>&nbsp;<\/p>\n<p>[\/et_pb_team_member][et_pb_team_member admin_label=\u00a0\u00bbP\u00e2t\u00e9 piment Espelette\u00a0\u00bb _builder_version=\u00a0\u00bb3.0.66&Prime; name=\u00a0\u00bbP\u00e2t\u00e9 de Canard au piment d&rsquo;Espelette\u00a0\u00bb image_url=\u00a0\u00bbhttps:\/\/www.ferme-poutchas.fr\/Poutchas\/wp-content\/uploads\/2017\/07\/2-pat\u00e9-de-canard-piment-espelette.jpg\u00a0\u00bb background_layout=\u00a0\u00bblight\u00a0\u00bb border_style=\u00a0\u00bbsolid\u00a0\u00bb animation=\u00a0\u00bboff\u00a0\u00bb position=\u00a0\u00bbP\u00e2t\u00e9\u00a0\u00bb]<\/p>\n<p>L\u00e9g\u00e8rement piment\u00e9, il ravive vos pique-nique.<\/p>\n<p>[\/et_pb_team_member][et_pb_team_member admin_label=\u00a0\u00bbCou de Canard\u00a0\u00bb _builder_version=\u00a0\u00bb3.0.66&Prime; name=\u00a0\u00bbCou de Canard farci au Foie Gras\u00a0\u00bb image_url=\u00a0\u00bbhttps:\/\/www.ferme-poutchas.fr\/Poutchas\/wp-content\/uploads\/2017\/07\/6-cou-canard-farci-foie-gras.jpg\u00a0\u00bb background_layout=\u00a0\u00bblight\u00a0\u00bb border_style=\u00a0\u00bbsolid\u00a0\u00bb animation=\u00a0\u00bboff\u00a0\u00bb position=\u00a0\u00bbDivers\u00a0\u00bb]<\/p>\n<p>Extraire le cou en ouvrant les deux bouts de la bo\u00eete. Coupez en rondelles que vous disposerez sur un lit de salade.<\/p>\n<p>[\/et_pb_team_member][\/et_pb_column][et_pb_column type=\u00a0\u00bb1_3&Prime;][et_pb_team_member admin_label=\u00a0\u00bbMagret de canard fourr\u00e9 au Foie gras\u00a0\u00bb _builder_version=\u00a0\u00bb3.0.66&Prime; name=\u00a0\u00bbMagret de canard fourr\u00e9 au Foie gras\u00a0\u00bb image_url=\u00a0\u00bbhttps:\/\/www.ferme-poutchas.fr\/Poutchas\/wp-content\/uploads\/2017\/07\/4-magret-de-canard-fourr\u00e9-foie-gras.jpg\u00a0\u00bb background_layout=\u00a0\u00bblight\u00a0\u00bb border_style=\u00a0\u00bbsolid\u00a0\u00bb animation=\u00a0\u00bboff\u00a0\u00bb position=\u00a0\u00bbMagret\u00a0\u00bb]<\/p>\n<p>Servez-le froid en tranches sur un lit de salade, accompagn\u00e9 de cro\u00fbtons frits.<\/p>\n<p>&nbsp;<\/p>\n<p>[\/et_pb_team_member][et_pb_team_member admin_label=\u00a0\u00bbConfit 4 cuisses\u00a0\u00bb _builder_version=\u00a0\u00bb3.0.66&Prime; name=\u00a0\u00bbCuisse de Canard en confit, 4 cuisses\u00a0\u00bb image_url=\u00a0\u00bbhttps:\/\/www.ferme-poutchas.fr\/Poutchas\/wp-content\/uploads\/2017\/07\/IMG_3481.jpg\u00a0\u00bb background_layout=\u00a0\u00bblight\u00a0\u00bb border_style=\u00a0\u00bbsolid\u00a0\u00bb animation=\u00a0\u00bboff\u00a0\u00bb position=\u00a0\u00bbConfit\u00a0\u00bb]<\/p>\n<p>\u00d4tez la graisse en le r\u00e9chauffant \u00e0 feu doux, saisir au four ou \u00e0 la po\u00eale, c\u00f4t\u00e9 peau, laissez roussir, servez chaud.<\/p>\n<p>&nbsp;<\/p>\n<p>&nbsp;<\/p>\n<p>[\/et_pb_team_member][et_pb_team_member admin_label=\u00a0\u00bbmanchons canard\u00a0\u00bb _builder_version=\u00a0\u00bb3.0.65&Prime; name=\u00a0\u00bbManchons de Canard en confit\u00a0\u00bb image_url=\u00a0\u00bbhttps:\/\/www.ferme-poutchas.fr\/Poutchas\/wp-content\/uploads\/2017\/07\/manchons.jpg\u00a0\u00bb background_layout=\u00a0\u00bblight\u00a0\u00bb border_style=\u00a0\u00bbsolid\u00a0\u00bb animation=\u00a0\u00bboff\u00a0\u00bb position=\u00a0\u00bbConfit\u00a0\u00bb]<\/p>\n<p>\u00d4tez la graisse en le r\u00e9chauffant \u00e0 feu doux, saisir au four ou \u00e0 la po\u00eale, c\u00f4t\u00e9 peau, laissez roussir, servez chaud.<\/p>\n<p>[\/et_pb_team_member][et_pb_team_member admin_label=\u00a0\u00bbRillettes pur Canard\u00a0\u00bb _builder_version=\u00a0\u00bb3.0.66&Prime; name=\u00a0\u00bbRillettes pur Canard\u00a0\u00bb image_url=\u00a0\u00bbhttps:\/\/www.ferme-poutchas.fr\/Poutchas\/wp-content\/uploads\/2017\/07\/9-Rillettes-pur-canard.jpg\u00a0\u00bb background_layout=\u00a0\u00bblight\u00a0\u00bb border_style=\u00a0\u00bbsolid\u00a0\u00bb animation=\u00a0\u00bboff\u00a0\u00bb position=\u00a0\u00bbP\u00e2t\u00e9\u00a0\u00bb]<\/p>\n<p>Tenir au frais avant de consommer et servir sur une tranche de pain grill\u00e9e.<\/p>\n<p>[\/et_pb_team_member][\/et_pb_column][\/et_pb_row][\/et_pb_section]<\/p>\n","protected":false},"excerpt":{"rendered":"<p>Bienvenue \u00e0 la Ferme Poutchas Lors de votre passage dans cette belle r\u00e9gion des Landes, Genevi\u00e8ve, Jean-Paul, Maria et Christian DOREILH seront tr\u00e8s heureux de vous accueillir dans leur ferme Poutchas, pour vous pr\u00e9senter bien sur, le FOIE GRAS, mais aussi toute la diversit\u00e9 de leurs produits fermiers, qui vous serviront \u00e0 composer vos menus [&hellip;]<\/p>\n","protected":false},"author":1,"featured_media":0,"parent":0,"menu_order":0,"comment_status":"closed","ping_status":"open","template":"","meta":{"_et_pb_use_builder":"on","_et_pb_old_content":"<p>Voici un exemple de page. Elle est diff\u00e9rente d\u2019un article de blog, en cela qu\u2019elle restera \u00e0 la m\u00eame place, et s\u2019affichera dans le menu de navigation de votre site (en fonction de votre th\u00e8me). La plupart des gens commencent par \u00e9crire une page \u00ab\u00a0\u00c0 Propos\u00a0\u00bb qui les pr\u00e9sente aux visiteurs potentiels du site. Vous pourriez y \u00e9crire quelque chose de ce tenant\u00a0:<\/p><blockquote><p>Bonjour\u00a0! Je suis un m\u00e9canicien qui aspire \u00e0 devenir un acteur, et ceci est mon blog. J\u2019habite \u00e0 Bordeaux, j\u2019ai un super chien qui s\u2019appelle Russell, et j\u2019aime la vodka-ananas (ainsi que perdre mon temps \u00e0 regarder la pluie tomber).<\/p><\/blockquote><p>...ou bien quelque chose comme cela\u00a0:<\/p><blockquote><p>La soci\u00e9t\u00e9 123 Machin Truc a \u00e9t\u00e9 cr\u00e9\u00e9e en 1971, et n\u2019a cess\u00e9 de proposer au public des machins-trucs de qualit\u00e9 depuis cette ann\u00e9e. Situ\u00e9e \u00e0 Saint-Remy-en-Bouzemont-Saint-Genest-et-Isson, 123 Machin Truc emploie 2\u00a0000 personnes, et fabrique toutes sortes de bidules super pour la communaut\u00e9 bouzemontoise.<\/p><\/blockquote><p>\u00c9tant donn\u00e9 que vous \u00eates un nouvel utilisateur ou une nouvelle utilisatrice de WordPress, vous devriez vous rendre sur votre <a href=\"http:\/\/ferme-poutchas.fr\/Poutchas\/wp-admin\/\">tableau de bord<\/a> pour effacer la pr\u00e9sente page, et cr\u00e9er de nouvelles pages avec votre propre contenu. Amusez-vous bien\u00a0!<\/p>","_et_gb_content_width":"","jetpack_post_was_ever_published":false},"jetpack_sharing_enabled":true,"jetpack_shortlink":"https:\/\/wp.me\/P93ySV-2","jetpack-related-posts":[{"id":376,"url":"https:\/\/www.ferme-poutchas.fr\/Poutchas\/contactez-fermepoutchas\/","url_meta":{"origin":2,"position":0},"title":"Contactez-nous","author":"WebPoutchas","date":"9 ao\u00fbt 2017","format":false,"excerpt":"","rel":"","context":"Article similaire","block_context":{"text":"Article similaire","link":""},"img":{"alt_text":"","src":"","width":0,"height":0},"classes":[]}],"_links":{"self":[{"href":"https:\/\/www.ferme-poutchas.fr\/Poutchas\/wp-json\/wp\/v2\/pages\/2"}],"collection":[{"href":"https:\/\/www.ferme-poutchas.fr\/Poutchas\/wp-json\/wp\/v2\/pages"}],"about":[{"href":"https:\/\/www.ferme-poutchas.fr\/Poutchas\/wp-json\/wp\/v2\/types\/page"}],"author":[{"embeddable":true,"href":"https:\/\/www.ferme-poutchas.fr\/Poutchas\/wp-json\/wp\/v2\/users\/1"}],"replies":[{"embeddable":true,"href":"https:\/\/www.ferme-poutchas.fr\/Poutchas\/wp-json\/wp\/v2\/comments?post=2"}],"version-history":[{"count":108,"href":"https:\/\/www.ferme-poutchas.fr\/Poutchas\/wp-json\/wp\/v2\/pages\/2\/revisions"}],"predecessor-version":[{"id":539,"href":"https:\/\/www.ferme-poutchas.fr\/Poutchas\/wp-json\/wp\/v2\/pages\/2\/revisions\/539"}],"wp:attachment":[{"href":"https:\/\/www.ferme-poutchas.fr\/Poutchas\/wp-json\/wp\/v2\/media?parent=2"}],"curies":[{"name":"wp","href":"https:\/\/api.w.org\/{rel}","templated":true}]}}